{"id":14556,"date":"2025-11-07T11:59:57","date_gmt":"2025-11-07T11:59:57","guid":{"rendered":"https:\/\/goldendreams.com.pl\/?post_type=product&#038;p=14556"},"modified":"2026-02-25T13:03:30","modified_gmt":"2026-02-25T13:03:30","slug":"sukienka-zamszowa-maxi-w-kolorze-czarnym","status":"publish","type":"product","link":"https:\/\/goldendreams.com.pl\/en\/sklep\/sukienka-zamszowa-maxi-w-kolorze-czarnym\/","title":{"rendered":"Sukienka zamszowa maxi w kolorze czarnym"},"content":{"rendered":"<div class=\"content\">\n<p>Sukienka szmizjerka stanowi ponadczasowy fason wpisany w\u00a0kanon modowej klasyki.<br \/>\nWykonana z\u00a0imitacji zamszu uwielbianego za stylowy wygl\u0105d w\u00a0r\u00f3\u017cnorodnym wydaniu.<br \/>\nZapi\u0119cie na z\u0142ote napy umo\u017cliwia zmian\u0119 rodzaju dekolt oraz regulacj\u0119 jego g\u0142\u0119boko\u015bci.<br \/>\nPosiada ko\u0142nierz, mankiet, dwie wsuwane kieszenie, przeszycia i\u00a0zmys\u0142owe rozci\u0119cie.<br \/>\nDo zestawu do\u0142\u0105czono materia\u0142owy pasek, kt\u00f3rym podkre\u015blisz tali\u0119 wed\u0142ug preferencji.<br \/>\nD\u0142ugo\u015b\u0107 maxi w\u00a0po\u0142\u0105czeniu z\u00a0dopasowanym krojem efektownie podkre\u015bli atuty sylwetki.<\/p>\n<p>Sk\u0142ad materia\u0142u: 95% wiskoza, 5% elastan<\/p>\n<p>Produkt polski<\/p>\n<p>Modelka: 170 cm wzrostu, prezentowany rozmiar S<\/p>\n<p>Wymiary:<\/p>\n<p>Rozmiar S:<br \/>\nD\u0142ugo\u015b\u0107 ca\u0142kowita: 130 cm<br \/>\nSzeroko\u015b\u0107 w\u00a0biu\u015bcie: 42 cm x2<br \/>\nSzeroko\u015b\u0107 w\u00a0talii: 34 cm x2<br \/>\nSzeroko\u015b\u0107 w\u00a0biodrach: 44 cm x2<br \/>\nD\u0142ugo\u015b\u0107 r\u0119kawa: 48 cm<\/p>\n<p>Rozmiar M:<br \/>\nD\u0142ugo\u015b\u0107 ca\u0142kowita: 131 cm<br \/>\nSzeroko\u015b\u0107 w\u00a0biu\u015bcie: 44 cm x2<br \/>\nSzeroko\u015b\u0107 w\u00a0talii: 36 cm x2<br \/>\nSzeroko\u015b\u0107 w\u00a0biodrach: 46 cm x2<br \/>\nD\u0142ugo\u015b\u0107 r\u0119kawa: 48 cm<\/p>\n<p>Rozmiar L:<br \/>\nD\u0142ugo\u015b\u0107 ca\u0142kowita: 132 cm<br \/>\nSzeroko\u015b\u0107 w\u00a0biu\u015bcie: 46 cm x2<br \/>\nSzeroko\u015b\u0107 w\u00a0talii: 38 cm x2<br \/>\nSzeroko\u015b\u0107 w\u00a0biodrach: 48 cm x2<br \/>\nD\u0142ugo\u015b\u0107 r\u0119kawa: 48 cm<\/p>\n<p>Produkt mierzony na p\u0142asko. Wymiary +\/- 2 cm.<\/p>\n<\/div>","protected":false},"excerpt":{"rendered":"<p>Sukienka szmizjerka stanowi ponadczasowy fason wpisany w\u00a0kanon modowej klasyki.<br \/>\nWykonana z\u00a0imitacji zamszu uwielbianego za stylowy wygl\u0105d w\u00a0r\u00f3\u017cnorodnym wydaniu.<br \/>\nZapi\u0119cie na z\u0142ote napy umo\u017cliwia zmian\u0119 rodzaju dekolt oraz regulacj\u0119 jego g\u0142\u0119boko\u015bci.<br \/>\nPosiada ko\u0142nierz, mankiet, dwie wsuwane kieszenie, przeszycia i\u00a0zmys\u0142owe rozci\u0119cie.<br \/>\nDo zestawu do\u0142\u0105czono materia\u0142owy pasek, kt\u00f3rym podkre\u015blisz tali\u0119 wed\u0142ug preferencji.<br \/>\nD\u0142ugo\u015b\u0107 maxi w\u00a0po\u0142\u0105czeniu z\u00a0dopasowanym krojem efektownie podkre\u015bli atuty sylwetki.<\/p>\n<p>Sk\u0142ad materia\u0142u: 95% wiskoza, 5% elastan<\/p>\n<p>Produkt polski<\/p>\n<p>Modelka: 170 cm wzrostu, prezentowany rozmiar S<\/p>\n<p>Wymiary:<\/p>\n<p>Rozmiar S:<br \/>\nD\u0142ugo\u015b\u0107 ca\u0142kowita: 130 cm<br \/>\nSzeroko\u015b\u0107 w\u00a0biu\u015bcie: 42 cm x2<br \/>\nSzeroko\u015b\u0107 w\u00a0talii: 34 cm x2<br \/>\nSzeroko\u015b\u0107 w\u00a0biodrach: 44 cm x2<br \/>\nD\u0142ugo\u015b\u0107 r\u0119kawa: 48 cm<\/p>\n<p>Rozmiar M:<br \/>\nD\u0142ugo\u015b\u0107 ca\u0142kowita: 131 cm<br \/>\nSzeroko\u015b\u0107 w\u00a0biu\u015bcie: 44 cm x2<br \/>\nSzeroko\u015b\u0107 w\u00a0talii: 36 cm x2<br \/>\nSzeroko\u015b\u0107 w\u00a0biodrach: 46 cm x2<br \/>\nD\u0142ugo\u015b\u0107 r\u0119kawa: 48 cm<\/p>\n<p>Rozmiar L:<br \/>\nD\u0142ugo\u015b\u0107 ca\u0142kowita: 132 cm<br \/>\nSzeroko\u015b\u0107 w\u00a0biu\u015bcie: 46 cm x2<br \/>\nSzeroko\u015b\u0107 w\u00a0talii: 38 cm x2<br \/>\nSzeroko\u015b\u0107 w\u00a0biodrach: 48 cm x2<br \/>\nD\u0142ugo\u015b\u0107 r\u0119kawa: 48 cm<\/p>\n<p>Produkt mierzony na p\u0142asko. Wymiary +\/- 2 cm.<\/p>","protected":false},"featured_media":14557,"comment_status":"open","ping_status":"closed","template":"","meta":{"site-sidebar-layout":"default","site-content-layout":"","ast-site-content-layout":"default","site-content-style":"default","site-sidebar-style":"default","ast-global-header-display":"","ast-banner-title-visibility":"","ast-main-header-display":"","ast-hfb-above-header-display":"","ast-hfb-below-header-display":"","ast-hfb-mobile-header-display":"","site-post-title":"","ast-breadcrumbs-content":"","ast-featured-img":"","footer-sml-layout":"","ast-disable-related-posts":"","theme-transparent-header-meta":"default","adv-header-id-meta":"","stick-header-meta":"","header-above-stick-meta":"","header-main-stick-meta":"","header-below-stick-meta":"","astra-migrate-meta-layouts":"set","ast-page-background-enabled":"default","ast-page-background-meta":{"desktop":{"background-color":"var(--ast-global-color-5)","background-image":"","background-repeat":"repeat","background-position":"center center","background-size":"auto","background-attachment":"scroll","background-type":"","background-media":"","overlay-type":"","overlay-color":"","overlay-opacity":"","overlay-gradient":""},"tablet":{"background-color":"","background-image":"","background-repeat":"repeat","background-position":"center center","background-size":"auto","background-attachment":"scroll","background-type":"","background-media":"","overlay-type":"","overlay-color":"","overlay-opacity":"","overlay-gradient":""},"mobile":{"background-color":"","background-image":"","background-repeat":"repeat","background-position":"center center","background-size":"auto","background-attachment":"scroll","background-type":"","background-media":"","overlay-type":"","overlay-color":"","overlay-opacity":"","overlay-gradient":""}},"ast-content-background-meta":{"desktop":{"background-color":"var(--ast-global-color-4)","background-image":"","background-repeat":"repeat","background-position":"center center","background-size":"auto","background-attachment":"scroll","background-type":"","background-media":"","overlay-type":"","overlay-color":"","overlay-opacity":"","overlay-gradient":""},"tablet":{"background-color":"var(--ast-global-color-4)","background-image":"","background-repeat":"repeat","background-position":"center center","background-size":"auto","background-attachment":"scroll","background-type":"","background-media":"","overlay-type":"","overlay-color":"","overlay-opacity":"","overlay-gradient":""},"mobile":{"background-color":"var(--ast-global-color-4)","background-image":"","background-repeat":"repeat","background-position":"center center","background-size":"auto","background-attachment":"scroll","background-type":"","background-media":"","overlay-type":"","overlay-color":"","overlay-opacity":"","overlay-gradient":""}}},"product_brand":[],"product_cat":[192,241,59,183],"product_tag":[476],"class_list":{"0":"post-14556","1":"product","2":"type-product","3":"status-publish","4":"has-post-thumbnail","6":"product_cat-czarne-sukienki","7":"product_cat-moda-damska","8":"product_cat-sukienki","9":"product_cat-sukienki-maxi","10":"product_tag-sukienkamaxi-sukienkazamszowa-sukienkabrazowa-sukienkadamska-sukienkaelegancka-sukienkajesienna-sukienkazdlugimrekawem-sukienkanakazdaokazje","11":"desktop-align-left","12":"tablet-align-left","13":"mobile-align-left","15":"first","16":"instock","17":"sold-individually","18":"shipping-taxable","19":"purchasable","20":"product-type-variable"},"_links":{"self":[{"href":"https:\/\/goldendreams.com.pl\/en\/wp-json\/wp\/v2\/product\/14556","targetHints":{"allow":["GET"]}}],"collection":[{"href":"https:\/\/goldendreams.com.pl\/en\/wp-json\/wp\/v2\/product"}],"about":[{"href":"https:\/\/goldendreams.com.pl\/en\/wp-json\/wp\/v2\/types\/product"}],"replies":[{"embeddable":true,"href":"https:\/\/goldendreams.com.pl\/en\/wp-json\/wp\/v2\/comments?post=14556"}],"wp:featuredmedia":[{"embeddable":true,"href":"https:\/\/goldendreams.com.pl\/en\/wp-json\/wp\/v2\/media\/14557"}],"wp:attachment":[{"href":"https:\/\/goldendreams.com.pl\/en\/wp-json\/wp\/v2\/media?parent=14556"}],"wp:term":[{"taxonomy":"product_brand","embeddable":true,"href":"https:\/\/goldendreams.com.pl\/en\/wp-json\/wp\/v2\/product_brand?post=14556"},{"taxonomy":"product_cat","embeddable":true,"href":"https:\/\/goldendreams.com.pl\/en\/wp-json\/wp\/v2\/product_cat?post=14556"},{"taxonomy":"product_tag","embeddable":true,"href":"https:\/\/goldendreams.com.pl\/en\/wp-json\/wp\/v2\/product_tag?post=14556"}],"curies":[{"name":"wp","href":"https:\/\/api.w.org\/{rel}","templated":true}]}}