{"id":1439,"date":"2025-07-22T08:29:41","date_gmt":"2025-07-22T08:29:41","guid":{"rendered":"https:\/\/goldendreams.com.pl\/sklep\/170-4-sukienka-koronkowa-z-dlugim-rekawkiem-i-dekoltem-pastelowy-roz\/"},"modified":"2026-04-16T11:57:06","modified_gmt":"2026-04-16T11:57:06","slug":"170-4-sukienka-koronkowa-z-dlugim-rekawkiem-i-dekoltem-pastelowy-roz","status":"publish","type":"product","link":"https:\/\/goldendreams.com.pl\/en\/sklep\/170-4-sukienka-koronkowa-z-dlugim-rekawkiem-i-dekoltem-pastelowy-roz\/","title":{"rendered":"170-4 Sukienka koronkowa z d\u0142ugim r\u0119kawkiem i DEKOLTEM &#8211; PASTELOWY R\u00d3\u017b"},"content":{"rendered":"<div class='desc-1'>Koronkowa sukienka z dekoltem i d\u0142ugim r\u0119kawkiem &#8211; pastelowy r\u00f3\u017c. Klasyczna i elegancka. Produkcja polska. Numoco<br \/><strong>LIMITED EDITION<\/strong><\/div>\n<div class='desc-2'>Sukienka koronkowa z dekoltem &#8211; pastelowy r\u00f3\u017c<\/div>\n<div class='desc-3'><\/div>\n<div class='desc-4'><\/div>\n<div class='desc-5'>\n<div class=\"sizes\">\n<div class=\"sizes\">Wymiary mierzone s\u0105 na p\u0142asko &#8211; bez rozci\u0105gania materia\u0142u (+\/- 2 cm)<br \/>Modelka na zdj\u0119ciu ma 170cm wzrostu i ma ubrany rozm. S.<\/p>\n<table cellspacing=\"0\" cellpadding=\"0\">\n<tbody>\n<tr>\n<td class=\"namep\"><strong>Wymiary:<\/strong><\/td>\n<td><strong>S<\/strong><\/td>\n<td><strong>M<\/strong><\/td>\n<td><strong>L<\/strong><\/td>\n<td><strong>XL<\/strong><\/td>\n<td><strong>XXL<\/strong><\/td>\n<\/tr>\n<tr>\n<td class=\"namep\">Od paszki do paszki (<strong>A<\/strong>)<\/td>\n<td>40<\/td>\n<td>44<\/td>\n<td>48<\/td>\n<td>51<\/td>\n<td>54<\/td>\n<\/tr>\n<tr>\n<td class=\"namep\">Pas (<strong>B<\/strong>)<\/td>\n<td>33<\/td>\n<td>38<\/td>\n<td>42<\/td>\n<td>45<\/td>\n<td>49<\/td>\n<\/tr>\n<tr>\n<td class=\"namep\">Biodra (<strong>C<\/strong>)<\/td>\n<td>41<\/td>\n<td>45<\/td>\n<td>50<\/td>\n<td>53<\/td>\n<td>57<\/td>\n<\/tr>\n<tr>\n<td class=\"namep\">D\u0142. od pachy (<strong>D<\/strong>)<\/td>\n<td>71<\/td>\n<td>72<\/td>\n<td>73<\/td>\n<td>76<\/td>\n<td>78<\/td>\n<\/tr>\n<tr>\n<td class=\"namep\">D\u0142. od ramienia (<strong>E<\/strong>)<\/td>\n<td>91<\/td>\n<td>92<\/td>\n<td>96<\/td>\n<td>99<\/td>\n<td>102<\/td>\n<\/tr>\n<\/tbody>\n<\/table>\n<p><img decoding=\"async\" alt=\"\" src=\"rozmiary\/170-.jpg\" style=\"margin-left: auto;margin-right: auto\"><\/div>\n<\/div>\n<\/div>","protected":false},"excerpt":{"rendered":"<p>Koronkowa sukienka z dekoltem i d\u0142ugim r\u0119kawkiem &#8211; pastelowy r\u00f3\u017c. Klasyczna i elegancka. Produkcja polska. NumocoLIMITED EDITION Sukienka koronkowa z [&hellip;]<\/p>\n","protected":false},"featured_media":1432,"comment_status":"open","ping_status":"closed","template":"","meta":{"site-sidebar-layout":"default","site-content-layout":"","ast-site-content-layout":"default","site-content-style":"default","site-sidebar-style":"default","ast-global-header-display":"","ast-banner-title-visibility":"","ast-main-header-display":"","ast-hfb-above-header-display":"","ast-hfb-below-header-display":"","ast-hfb-mobile-header-display":"","site-post-title":"","ast-breadcrumbs-content":"","ast-featured-img":"","footer-sml-layout":"","ast-disable-related-posts":"","theme-transparent-header-meta":"","adv-header-id-meta":"","stick-header-meta":"","header-above-stick-meta":"","header-main-stick-meta":"","header-below-stick-meta":"","astra-migrate-meta-layouts":"default","ast-page-background-enabled":"default","ast-page-background-meta":{"desktop":{"background-color":"var(--ast-global-color-5)","background-image":"","background-repeat":"repeat","background-position":"center center","background-size":"auto","background-attachment":"scroll","background-type":"","background-media":"","overlay-type":"","overlay-color":"","overlay-opacity":"","overlay-gradient":""},"tablet":{"background-color":"","background-image":"","background-repeat":"repeat","background-position":"center center","background-size":"auto","background-attachment":"scroll","background-type":"","background-media":"","overlay-type":"","overlay-color":"","overlay-opacity":"","overlay-gradient":""},"mobile":{"background-color":"","background-image":"","background-repeat":"repeat","background-position":"center center","background-size":"auto","background-attachment":"scroll","background-type":"","background-media":"","overlay-type":"","overlay-color":"","overlay-opacity":"","overlay-gradient":""}},"ast-content-background-meta":{"desktop":{"background-color":"var(--ast-global-color-4)","background-image":"","background-repeat":"repeat","background-position":"center center","background-size":"auto","background-attachment":"scroll","background-type":"","background-media":"","overlay-type":"","overlay-color":"","overlay-opacity":"","overlay-gradient":""},"tablet":{"background-color":"var(--ast-global-color-4)","background-image":"","background-repeat":"repeat","background-position":"center center","background-size":"auto","background-attachment":"scroll","background-type":"","background-media":"","overlay-type":"","overlay-color":"","overlay-opacity":"","overlay-gradient":""},"mobile":{"background-color":"var(--ast-global-color-4)","background-image":"","background-repeat":"repeat","background-position":"center center","background-size":"auto","background-attachment":"scroll","background-type":"","background-media":"","overlay-type":"","overlay-color":"","overlay-opacity":"","overlay-gradient":""}}},"product_brand":[],"product_cat":[151,160,59,163,153,158,164,171],"product_tag":[],"class_list":{"0":"post-1439","1":"product","2":"type-product","3":"status-publish","4":"has-post-thumbnail","6":"product_cat-limited-edition","7":"product_cat-numoco","8":"product_cat-sukienki","9":"product_cat-sukienki-koronkowe","10":"product_cat-sukienki-na-chrzciny","11":"product_cat-sukienki-na-komunie","12":"product_cat-sukienki-na-wesele","13":"product_cat-sukienki-wieczorowe","14":"desktop-align-left","15":"tablet-align-left","16":"mobile-align-left","18":"first","19":"instock","20":"shipping-taxable","21":"purchasable","22":"product-type-variable","23":"has-default-attributes"},"_links":{"self":[{"href":"https:\/\/goldendreams.com.pl\/en\/wp-json\/wp\/v2\/product\/1439","targetHints":{"allow":["GET"]}}],"collection":[{"href":"https:\/\/goldendreams.com.pl\/en\/wp-json\/wp\/v2\/product"}],"about":[{"href":"https:\/\/goldendreams.com.pl\/en\/wp-json\/wp\/v2\/types\/product"}],"replies":[{"embeddable":true,"href":"https:\/\/goldendreams.com.pl\/en\/wp-json\/wp\/v2\/comments?post=1439"}],"wp:featuredmedia":[{"embeddable":true,"href":"https:\/\/goldendreams.com.pl\/en\/wp-json\/wp\/v2\/media\/1432"}],"wp:attachment":[{"href":"https:\/\/goldendreams.com.pl\/en\/wp-json\/wp\/v2\/media?parent=1439"}],"wp:term":[{"taxonomy":"product_brand","embeddable":true,"href":"https:\/\/goldendreams.com.pl\/en\/wp-json\/wp\/v2\/product_brand?post=1439"},{"taxonomy":"product_cat","embeddable":true,"href":"https:\/\/goldendreams.com.pl\/en\/wp-json\/wp\/v2\/product_cat?post=1439"},{"taxonomy":"product_tag","embeddable":true,"href":"https:\/\/goldendreams.com.pl\/en\/wp-json\/wp\/v2\/product_tag?post=1439"}],"curies":[{"name":"wp","href":"https:\/\/api.w.org\/{rel}","templated":true}]}}