{"id":1387,"date":"2025-07-22T08:29:14","date_gmt":"2025-07-22T08:29:14","guid":{"rendered":"https:\/\/goldendreams.com.pl\/sklep\/157-4-sukienka-marta-z-koronka-pastelowy-roz\/"},"modified":"2026-04-14T11:16:25","modified_gmt":"2026-04-14T11:16:25","slug":"157-4-sukienka-marta-z-koronka-pastelowy-roz","status":"publish","type":"product","link":"https:\/\/goldendreams.com.pl\/en\/sklep\/157-4-sukienka-marta-z-koronka-pastelowy-roz\/","title":{"rendered":"157-4 Sukienka MARTA z koronk\u0105 &#8211; PASTELOWY R\u00d3\u017b"},"content":{"rendered":"<div class='desc-1'>Rozkloszowana sukienka MARTA z koronk\u0105 &#8211; pastelowy r\u00f3\u017c. Marka numoco. Produkcja Polska. Wz\u00f3r koronki ze zdj\u0119cia mo\u017ce si\u0119 r\u00f3\u017cni\u0107.<\/div>\n<div class='desc-2'>Sukienka MARTA &#8211; rozkloszowana &#8211; pastelowy r\u00f3\u017c<\/div>\n<div class='desc-3'><\/div>\n<div class='desc-4'><\/div>\n<div class='desc-5'>\n<div class=\"sizes\">\n<div class=\"sizes\">Wymiary mierzone s\u0105 na p\u0142asko &#8211; bez rozci\u0105gania materia\u0142u (+\/- 2 cm)<br \/>Modelka na zdj\u0119ciu ma 170cm wzrostu i ma ubrany rozm. S.<\/p>\n<table style=\"height: 72px\" width=\"364\" cellspacing=\"0\" cellpadding=\"0\">\n<tbody>\n<tr>\n<th class=\"name\">\n<h3>Wymiary :<\/h3>\n<\/th>\n<th><strong>S<\/strong><\/th>\n<th><strong>M<\/strong><\/th>\n<td align=\"center\" valign=\"top\"><strong>L<\/strong><\/td>\n<td style=\"text-align: center\" valign=\"top\"><strong>XL<\/strong><\/td>\n<td style=\"text-align: center\" valign=\"top\"><strong>XXL<\/strong><\/td>\n<\/tr>\n<tr>\n<td class=\"name\" style=\"text-align: left\">Od paszki do paszki<\/td>\n<td>40<\/td>\n<td>42<\/td>\n<td valign=\"top\">47<\/td>\n<td valign=\"top\">52<\/td>\n<td valign=\"top\">57<\/td>\n<\/tr>\n<tr>\n<td class=\"name\" style=\"text-align: left\">Talia<\/td>\n<td>35<\/td>\n<td>37<\/td>\n<td valign=\"top\">43<\/td>\n<td valign=\"top\">48<\/td>\n<td valign=\"top\">50<\/td>\n<\/tr>\n<tr>\n<td class=\"name\" style=\"text-align: left\">Biodra<\/td>\n<td>dowolne<\/td>\n<td>dowolne<\/td>\n<td valign=\"top\">dowolne<\/td>\n<td valign=\"top\">dowolne<\/td>\n<td valign=\"top\">dowolne<\/td>\n<\/tr>\n<tr>\n<td class=\"name\" style=\"text-align: left\">D\u0142. od pachy<\/td>\n<td>68<\/td>\n<td>68<\/td>\n<td valign=\"top\">69<\/td>\n<td valign=\"top\">70<\/td>\n<td valign=\"top\">71<\/td>\n<\/tr>\n<tr>\n<td style=\"text-align: left\" valign=\"top\">D\u0142. od ramienia<\/td>\n<td valign=\"top\">87<\/td>\n<td valign=\"top\">87<\/td>\n<td valign=\"top\">89<\/td>\n<td valign=\"top\">90<\/td>\n<td valign=\"top\">93<\/td>\n<\/tr>\n<\/tbody>\n<\/table>\n<\/div>\n<\/div>\n<\/div>","protected":false},"excerpt":{"rendered":"<p>Rozkloszowana sukienka MARTA z koronk\u0105 &#8211; pastelowy r\u00f3\u017c. Marka numoco. Produkcja Polska. Wz\u00f3r koronki ze zdj\u0119cia mo\u017ce si\u0119 r\u00f3\u017cni\u0107. Sukienka [&hellip;]<\/p>\n","protected":false},"featured_media":1380,"comment_status":"open","ping_status":"closed","template":"","meta":{"site-sidebar-layout":"default","site-content-layout":"","ast-site-content-layout":"default","site-content-style":"default","site-sidebar-style":"default","ast-global-header-display":"","ast-banner-title-visibility":"","ast-main-header-display":"","ast-hfb-above-header-display":"","ast-hfb-below-header-display":"","ast-hfb-mobile-header-display":"","site-post-title":"","ast-breadcrumbs-content":"","ast-featured-img":"","footer-sml-layout":"","ast-disable-related-posts":"","theme-transparent-header-meta":"","adv-header-id-meta":"","stick-header-meta":"","header-above-stick-meta":"","header-main-stick-meta":"","header-below-stick-meta":"","astra-migrate-meta-layouts":"default","ast-page-background-enabled":"default","ast-page-background-meta":{"desktop":{"background-color":"var(--ast-global-color-5)","background-image":"","background-repeat":"repeat","background-position":"center center","background-size":"auto","background-attachment":"scroll","background-type":"","background-media":"","overlay-type":"","overlay-color":"","overlay-opacity":"","overlay-gradient":""},"tablet":{"background-color":"","background-image":"","background-repeat":"repeat","background-position":"center center","background-size":"auto","background-attachment":"scroll","background-type":"","background-media":"","overlay-type":"","overlay-color":"","overlay-opacity":"","overlay-gradient":""},"mobile":{"background-color":"","background-image":"","background-repeat":"repeat","background-position":"center center","background-size":"auto","background-attachment":"scroll","background-type":"","background-media":"","overlay-type":"","overlay-color":"","overlay-opacity":"","overlay-gradient":""}},"ast-content-background-meta":{"desktop":{"background-color":"var(--ast-global-color-4)","background-image":"","background-repeat":"repeat","background-position":"center center","background-size":"auto","background-attachment":"scroll","background-type":"","background-media":"","overlay-type":"","overlay-color":"","overlay-opacity":"","overlay-gradient":""},"tablet":{"background-color":"var(--ast-global-color-4)","background-image":"","background-repeat":"repeat","background-position":"center center","background-size":"auto","background-attachment":"scroll","background-type":"","background-media":"","overlay-type":"","overlay-color":"","overlay-opacity":"","overlay-gradient":""},"mobile":{"background-color":"var(--ast-global-color-4)","background-image":"","background-repeat":"repeat","background-position":"center center","background-size":"auto","background-attachment":"scroll","background-type":"","background-media":"","overlay-type":"","overlay-color":"","overlay-opacity":"","overlay-gradient":""}}},"product_brand":[],"product_cat":[160,59,163,153,158,172,164,171],"product_tag":[],"class_list":{"0":"post-1387","1":"product","2":"type-product","3":"status-publish","4":"has-post-thumbnail","6":"product_cat-numoco","7":"product_cat-sukienki","8":"product_cat-sukienki-koronkowe","9":"product_cat-sukienki-na-chrzciny","10":"product_cat-sukienki-na-komunie","11":"product_cat-sukienki-na-studniowke","12":"product_cat-sukienki-na-wesele","13":"product_cat-sukienki-wieczorowe","14":"desktop-align-left","15":"tablet-align-left","16":"mobile-align-left","18":"first","19":"instock","20":"shipping-taxable","21":"purchasable","22":"product-type-variable","23":"has-default-attributes"},"_links":{"self":[{"href":"https:\/\/goldendreams.com.pl\/en\/wp-json\/wp\/v2\/product\/1387","targetHints":{"allow":["GET"]}}],"collection":[{"href":"https:\/\/goldendreams.com.pl\/en\/wp-json\/wp\/v2\/product"}],"about":[{"href":"https:\/\/goldendreams.com.pl\/en\/wp-json\/wp\/v2\/types\/product"}],"replies":[{"embeddable":true,"href":"https:\/\/goldendreams.com.pl\/en\/wp-json\/wp\/v2\/comments?post=1387"}],"wp:featuredmedia":[{"embeddable":true,"href":"https:\/\/goldendreams.com.pl\/en\/wp-json\/wp\/v2\/media\/1380"}],"wp:attachment":[{"href":"https:\/\/goldendreams.com.pl\/en\/wp-json\/wp\/v2\/media?parent=1387"}],"wp:term":[{"taxonomy":"product_brand","embeddable":true,"href":"https:\/\/goldendreams.com.pl\/en\/wp-json\/wp\/v2\/product_brand?post=1387"},{"taxonomy":"product_cat","embeddable":true,"href":"https:\/\/goldendreams.com.pl\/en\/wp-json\/wp\/v2\/product_cat?post=1387"},{"taxonomy":"product_tag","embeddable":true,"href":"https:\/\/goldendreams.com.pl\/en\/wp-json\/wp\/v2\/product_tag?post=1387"}],"curies":[{"name":"wp","href":"https:\/\/api.w.org\/{rel}","templated":true}]}}