{"id":1374,"date":"2025-07-22T08:29:07","date_gmt":"2025-07-22T08:29:07","guid":{"rendered":"https:\/\/goldendreams.com.pl\/sklep\/190-1-margaret-sukienka-z-koronka-na-rekawkach-pastelowy-roz\/"},"modified":"2026-04-19T11:31:29","modified_gmt":"2026-04-19T11:31:29","slug":"190-1-margaret-sukienka-z-koronka-na-rekawkach-pastelowy-roz","status":"publish","type":"product","link":"https:\/\/goldendreams.com.pl\/en\/sklep\/190-1-margaret-sukienka-z-koronka-na-rekawkach-pastelowy-roz\/","title":{"rendered":"190-1 MARGARET sukienka z koronk\u0105 na r\u0119kawkach &#8211; PASTELOWY R\u00d3\u017b"},"content":{"rendered":"<div class='desc-1'>Sukienka Margaret z rozkloszowanym r\u0119kawkiem i koronkow\u0105 wstawk\u0105 &#8211; bardzo wygodna &#8211; pastelowy r\u00f3\u017c. Marka numoco. Produkcja Polska.<\/div>\n<div class='desc-2'>Sukienka Margaret &#8211; pastelowy r\u00f3\u017c<\/div>\n<div class='desc-3'><\/div>\n<div class='desc-4'><\/div>\n<div class='desc-5'>\n<div class=\"sizes\">\n<div class=\"sizes\">Wymiary mierzone s\u0105 na p\u0142asko &#8211; bez rozci\u0105gania materia\u0142u (+\/- 2 cm)<br \/>Modelka na zdj\u0119ciu ma 170cm wzrostu i ma ubrany rozm. S.<\/p>\n<table cellspacing=\"0\" cellpadding=\"0\">\n<tbody>\n<tr>\n<th class=\"name\">\n<h3 style=\"text-align: center\">Wymiary :<\/h3>\n<\/th>\n<th>S<\/th>\n<th>M<\/th>\n<td align=\"center\" valign=\"top\"><strong>L<\/strong><\/td>\n<td valign=\"top\"><strong>XL<\/strong><\/td>\n<td valign=\"top\"><strong>XXL<\/strong><\/td>\n<\/tr>\n<tr>\n<td class=\"name\">Od paszki do paszki<\/td>\n<td>46<\/td>\n<td>50<\/td>\n<td valign=\"top\">55<\/td>\n<td valign=\"top\">58<\/td>\n<td valign=\"top\">61<\/td>\n<\/tr>\n<tr>\n<td class=\"name\">Talia<\/td>\n<td>46<\/td>\n<td>50<\/td>\n<td valign=\"top\">55<\/td>\n<td valign=\"top\">58<\/td>\n<td valign=\"top\">61<\/td>\n<\/tr>\n<tr>\n<td class=\"name\">Biodra<\/td>\n<td>49<\/td>\n<td>54<\/td>\n<td valign=\"top\">59<\/td>\n<td valign=\"top\">62<\/td>\n<td valign=\"top\">67<\/td>\n<\/tr>\n<tr>\n<td class=\"name\">D\u0142. od pachy<\/td>\n<td>65<\/td>\n<td>66<\/td>\n<td valign=\"top\">67<\/td>\n<td valign=\"top\">68<\/td>\n<td valign=\"top\">68<\/td>\n<\/tr>\n<tr>\n<td valign=\"top\">D\u0142. od ramienia<\/td>\n<td valign=\"top\">87<\/td>\n<td valign=\"top\">89<\/td>\n<td valign=\"top\">90<\/td>\n<td valign=\"top\">92<\/td>\n<td valign=\"top\">92<\/td>\n<\/tr>\n<\/tbody>\n<\/table>\n<\/div>\n<\/div>\n<\/div>","protected":false},"excerpt":{"rendered":"<p>Sukienka Margaret z rozkloszowanym r\u0119kawkiem i koronkow\u0105 wstawk\u0105 &#8211; bardzo wygodna &#8211; pastelowy r\u00f3\u017c. Marka numoco. Produkcja Polska. Sukienka Margaret [&hellip;]<\/p>\n","protected":false},"featured_media":1367,"comment_status":"open","ping_status":"closed","template":"","meta":{"site-sidebar-layout":"default","site-content-layout":"","ast-site-content-layout":"default","site-content-style":"default","site-sidebar-style":"default","ast-global-header-display":"","ast-banner-title-visibility":"","ast-main-header-display":"","ast-hfb-above-header-display":"","ast-hfb-below-header-display":"","ast-hfb-mobile-header-display":"","site-post-title":"","ast-breadcrumbs-content":"","ast-featured-img":"","footer-sml-layout":"","ast-disable-related-posts":"","theme-transparent-header-meta":"","adv-header-id-meta":"","stick-header-meta":"","header-above-stick-meta":"","header-main-stick-meta":"","header-below-stick-meta":"","astra-migrate-meta-layouts":"default","ast-page-background-enabled":"default","ast-page-background-meta":{"desktop":{"background-color":"var(--ast-global-color-5)","background-image":"","background-repeat":"repeat","background-position":"center center","background-size":"auto","background-attachment":"scroll","background-type":"","background-media":"","overlay-type":"","overlay-color":"","overlay-opacity":"","overlay-gradient":""},"tablet":{"background-color":"","background-image":"","background-repeat":"repeat","background-position":"center center","background-size":"auto","background-attachment":"scroll","background-type":"","background-media":"","overlay-type":"","overlay-color":"","overlay-opacity":"","overlay-gradient":""},"mobile":{"background-color":"","background-image":"","background-repeat":"repeat","background-position":"center center","background-size":"auto","background-attachment":"scroll","background-type":"","background-media":"","overlay-type":"","overlay-color":"","overlay-opacity":"","overlay-gradient":""}},"ast-content-background-meta":{"desktop":{"background-color":"var(--ast-global-color-4)","background-image":"","background-repeat":"repeat","background-position":"center center","background-size":"auto","background-attachment":"scroll","background-type":"","background-media":"","overlay-type":"","overlay-color":"","overlay-opacity":"","overlay-gradient":""},"tablet":{"background-color":"var(--ast-global-color-4)","background-image":"","background-repeat":"repeat","background-position":"center center","background-size":"auto","background-attachment":"scroll","background-type":"","background-media":"","overlay-type":"","overlay-color":"","overlay-opacity":"","overlay-gradient":""},"mobile":{"background-color":"var(--ast-global-color-4)","background-image":"","background-repeat":"repeat","background-position":"center center","background-size":"auto","background-attachment":"scroll","background-type":"","background-media":"","overlay-type":"","overlay-color":"","overlay-opacity":"","overlay-gradient":""}}},"product_brand":[],"product_cat":[160,59,163,154,153,158,164],"product_tag":[],"class_list":{"0":"post-1374","1":"product","2":"type-product","3":"status-publish","4":"has-post-thumbnail","6":"product_cat-numoco","7":"product_cat-sukienki","8":"product_cat-sukienki-koronkowe","9":"product_cat-sukienki-letnie","10":"product_cat-sukienki-na-chrzciny","11":"product_cat-sukienki-na-komunie","12":"product_cat-sukienki-na-wesele","13":"desktop-align-left","14":"tablet-align-left","15":"mobile-align-left","17":"first","18":"instock","19":"shipping-taxable","20":"purchasable","21":"product-type-variable","22":"has-default-attributes"},"_links":{"self":[{"href":"https:\/\/goldendreams.com.pl\/en\/wp-json\/wp\/v2\/product\/1374","targetHints":{"allow":["GET"]}}],"collection":[{"href":"https:\/\/goldendreams.com.pl\/en\/wp-json\/wp\/v2\/product"}],"about":[{"href":"https:\/\/goldendreams.com.pl\/en\/wp-json\/wp\/v2\/types\/product"}],"replies":[{"embeddable":true,"href":"https:\/\/goldendreams.com.pl\/en\/wp-json\/wp\/v2\/comments?post=1374"}],"wp:featuredmedia":[{"embeddable":true,"href":"https:\/\/goldendreams.com.pl\/en\/wp-json\/wp\/v2\/media\/1367"}],"wp:attachment":[{"href":"https:\/\/goldendreams.com.pl\/en\/wp-json\/wp\/v2\/media?parent=1374"}],"wp:term":[{"taxonomy":"product_brand","embeddable":true,"href":"https:\/\/goldendreams.com.pl\/en\/wp-json\/wp\/v2\/product_brand?post=1374"},{"taxonomy":"product_cat","embeddable":true,"href":"https:\/\/goldendreams.com.pl\/en\/wp-json\/wp\/v2\/product_cat?post=1374"},{"taxonomy":"product_tag","embeddable":true,"href":"https:\/\/goldendreams.com.pl\/en\/wp-json\/wp\/v2\/product_tag?post=1374"}],"curies":[{"name":"wp","href":"https:\/\/api.w.org\/{rel}","templated":true}]}}