{"id":1348,"date":"2025-07-22T07:50:21","date_gmt":"2025-07-22T07:50:21","guid":{"rendered":"https:\/\/goldendreams.com.pl\/sklep\/13-74-sukienka-sportowa-jeans-w-biale-grochy\/"},"modified":"2026-04-03T08:21:19","modified_gmt":"2026-04-03T08:21:19","slug":"13-74-sukienka-sportowa-jeans-w-biale-grochy","status":"publish","type":"product","link":"https:\/\/goldendreams.com.pl\/en\/sklep\/13-74-sukienka-sportowa-jeans-w-biale-grochy\/","title":{"rendered":"13-74 Sukienka sportowa &#8211; JEANS w bia\u0142e GROCHY"},"content":{"rendered":"<div class='desc-1'>Sportowa sukienka z wi\u0105zaniem i r\u0119kawkiem 3\/4 &#8211; niebieski jeans w bia\u0142e groszki. Wykonana z elastycznej &#8211; polskiej wiskozy. Przy wyborze rozmiaru nale\u017cy kierowa\u0107 si\u0119 obwodem w biodrach.<br \/><strong>LIMITED EDITION<\/strong><\/div>\n<div class='desc-2'>Sportowa sukienka z r\u0119kawkiem 3\/4 &#8211; jeans niebieski w bia\u0142e k\u00f3\u0142ka<\/div>\n<div class='desc-3'><\/div>\n<div class='desc-4'><\/div>\n<div class='desc-5'>\n<div class=\"sizes\">\n<div class=\"sizes\">Wymiary mierzone s\u0105 na osobie (+\/- 2 cm)<br \/>Modelka na zdj\u0119ciu ma 170cm wzrostu i ma ubrany rozm. S.<\/p>\n<table cellspacing=\"0\" cellpadding=\"0\">\n<tbody>\n<tr>\n<td class=\"namep\"><strong>Wymiary:<\/strong><\/td>\n<td><strong>XS<\/strong><\/td>\n<td><strong>S<\/strong><\/td>\n<td><strong>M<\/strong><\/td>\n<td><strong>L<\/strong><\/td>\n<td><strong>XL<\/strong><\/td>\n<td><strong>XXL<\/strong><\/td>\n<\/tr>\n<tr>\n<td class=\"namep\">Biust (<strong>A*2<\/strong>)<\/td>\n<td>max 95<\/td>\n<td>max 100<\/td>\n<td>max 104<\/td>\n<td>max 107<\/td>\n<td>max 114<\/td>\n<td>max 118<\/td>\n<\/tr>\n<tr>\n<td class=\"namep\">Talia (<strong>B*2<\/strong>)<\/td>\n<td>max 82<\/td>\n<td>max 84<\/td>\n<td>max 90<\/td>\n<td>max 92<\/td>\n<td>max 96<\/td>\n<td>max 100<\/td>\n<\/tr>\n<tr>\n<td class=\"namep\">Biodra (<strong>C*2<\/strong>)<\/td>\n<td>84 &#8211; 88<\/td>\n<td>88 &#8211; 100<\/td>\n<td>90 &#8211; 104<\/td>\n<td>92 &#8211; 106<\/td>\n<td>96 &#8211; 110<\/td>\n<td>110 &#8211; 114<\/td>\n<\/tr>\n<tr>\n<td class=\"namep\">D\u0142. od paszki (<strong>D<\/strong>)<\/td>\n<td>83<\/td>\n<td>83<\/td>\n<td>83<\/td>\n<td>83<\/td>\n<td>84<\/td>\n<td>86<\/td>\n<\/tr>\n<tr>\n<td class=\"namep\">D\u0142. od ramienia (<strong>E<\/strong>)<\/td>\n<td>103<\/td>\n<td>103<\/td>\n<td>104<\/td>\n<td>104<\/td>\n<td>108<\/td>\n<td>110<\/td>\n<\/tr>\n<\/tbody>\n<\/table>\n<p><img decoding=\"async\" alt=\"\" src=\"rozmiary\/13-.jpg\"><\/div>\n<\/div>\n<\/div>","protected":false},"excerpt":{"rendered":"<p>Sportowa sukienka z wi\u0105zaniem i r\u0119kawkiem 3\/4 &#8211; niebieski jeans w bia\u0142e groszki. Wykonana z elastycznej &#8211; polskiej wiskozy. Przy [&hellip;]<\/p>\n","protected":false},"featured_media":1343,"comment_status":"open","ping_status":"closed","template":"","meta":{"site-sidebar-layout":"default","site-content-layout":"","ast-site-content-layout":"default","site-content-style":"default","site-sidebar-style":"default","ast-global-header-display":"","ast-banner-title-visibility":"","ast-main-header-display":"","ast-hfb-above-header-display":"","ast-hfb-below-header-display":"","ast-hfb-mobile-header-display":"","site-post-title":"","ast-breadcrumbs-content":"","ast-featured-img":"","footer-sml-layout":"","ast-disable-related-posts":"","theme-transparent-header-meta":"","adv-header-id-meta":"","stick-header-meta":"","header-above-stick-meta":"","header-main-stick-meta":"","header-below-stick-meta":"","astra-migrate-meta-layouts":"default","ast-page-background-enabled":"default","ast-page-background-meta":{"desktop":{"background-color":"var(--ast-global-color-5)","background-image":"","background-repeat":"repeat","background-position":"center center","background-size":"auto","background-attachment":"scroll","background-type":"","background-media":"","overlay-type":"","overlay-color":"","overlay-opacity":"","overlay-gradient":""},"tablet":{"background-color":"","background-image":"","background-repeat":"repeat","background-position":"center center","background-size":"auto","background-attachment":"scroll","background-type":"","background-media":"","overlay-type":"","overlay-color":"","overlay-opacity":"","overlay-gradient":""},"mobile":{"background-color":"","background-image":"","background-repeat":"repeat","background-position":"center center","background-size":"auto","background-attachment":"scroll","background-type":"","background-media":"","overlay-type":"","overlay-color":"","overlay-opacity":"","overlay-gradient":""}},"ast-content-background-meta":{"desktop":{"background-color":"var(--ast-global-color-4)","background-image":"","background-repeat":"repeat","background-position":"center center","background-size":"auto","background-attachment":"scroll","background-type":"","background-media":"","overlay-type":"","overlay-color":"","overlay-opacity":"","overlay-gradient":""},"tablet":{"background-color":"var(--ast-global-color-4)","background-image":"","background-repeat":"repeat","background-position":"center center","background-size":"auto","background-attachment":"scroll","background-type":"","background-media":"","overlay-type":"","overlay-color":"","overlay-opacity":"","overlay-gradient":""},"mobile":{"background-color":"var(--ast-global-color-4)","background-image":"","background-repeat":"repeat","background-position":"center center","background-size":"auto","background-attachment":"scroll","background-type":"","background-media":"","overlay-type":"","overlay-color":"","overlay-opacity":"","overlay-gradient":""}}},"product_brand":[],"product_cat":[162,151,160,59,154,159,152],"product_tag":[],"class_list":{"0":"post-1348","1":"product","2":"type-product","3":"status-publish","4":"has-post-thumbnail","6":"product_cat-blekitne-sukienki","7":"product_cat-limited-edition","8":"product_cat-numoco","9":"product_cat-sukienki","10":"product_cat-sukienki-letnie","11":"product_cat-sukienki-midi","12":"product_cat-sukienki-sportowe","13":"desktop-align-left","14":"tablet-align-left","15":"mobile-align-left","17":"first","18":"instock","19":"shipping-taxable","20":"purchasable","21":"product-type-variable","22":"has-default-attributes"},"_links":{"self":[{"href":"https:\/\/goldendreams.com.pl\/en\/wp-json\/wp\/v2\/product\/1348","targetHints":{"allow":["GET"]}}],"collection":[{"href":"https:\/\/goldendreams.com.pl\/en\/wp-json\/wp\/v2\/product"}],"about":[{"href":"https:\/\/goldendreams.com.pl\/en\/wp-json\/wp\/v2\/types\/product"}],"replies":[{"embeddable":true,"href":"https:\/\/goldendreams.com.pl\/en\/wp-json\/wp\/v2\/comments?post=1348"}],"wp:featuredmedia":[{"embeddable":true,"href":"https:\/\/goldendreams.com.pl\/en\/wp-json\/wp\/v2\/media\/1343"}],"wp:attachment":[{"href":"https:\/\/goldendreams.com.pl\/en\/wp-json\/wp\/v2\/media?parent=1348"}],"wp:term":[{"taxonomy":"product_brand","embeddable":true,"href":"https:\/\/goldendreams.com.pl\/en\/wp-json\/wp\/v2\/product_brand?post=1348"},{"taxonomy":"product_cat","embeddable":true,"href":"https:\/\/goldendreams.com.pl\/en\/wp-json\/wp\/v2\/product_cat?post=1348"},{"taxonomy":"product_tag","embeddable":true,"href":"https:\/\/goldendreams.com.pl\/en\/wp-json\/wp\/v2\/product_tag?post=1348"}],"curies":[{"name":"wp","href":"https:\/\/api.w.org\/{rel}","templated":true}]}}