{"id":13112,"date":"2025-08-08T11:18:30","date_gmt":"2025-08-08T11:18:30","guid":{"rendered":"https:\/\/goldendreams.com.pl\/sklep\/313-18-isabelle-elegancka-plisowana-sukienka-z-dekoltem-i-dlugim-rekawkiem-chabrowa\/"},"modified":"2026-03-10T00:22:36","modified_gmt":"2026-03-10T00:22:36","slug":"313-18-isabelle-elegancka-plisowana-sukienka-z-dekoltem-i-dlugim-rekawkiem-chabrowa","status":"publish","type":"product","link":"https:\/\/goldendreams.com.pl\/en\/sklep\/313-18-isabelle-elegancka-plisowana-sukienka-z-dekoltem-i-dlugim-rekawkiem-chabrowa\/","title":{"rendered":"313-18 ISABELLE Elegancka plisowana sukienka z dekoltem i d\u0142ugim r\u0119kawkiem &#8211; chabrowa"},"content":{"rendered":"<div class='desc-1'>\n<div class=\"product-description\">\n<h1>Isabelle \u2013 plisowana sukienka z kopertowym dekoltem \u2013 chabrowa<\/h1>\n<p><strong>Polska produkcja \u2022 Marka Numoco \u2022 Edycja limitowana<\/strong><\/p>\n<p>Elegancka sukienka <strong>Isabelle<\/strong> to kobieca propozycja na wiele okazji. Kopertowy dekolt w kszta\u0142cie litery V subtelnie podkre\u015bla biust, a d\u0142ugi r\u0119kaw i elastyczna talia zapewniaj\u0105 komfort noszenia. <strong>Plisowany d\u00f3\u0142<\/strong> dodaje lekko\u015bci i wdzi\u0119ku ka\u017cdemu ruchowi.<\/p>\n<p><strong>G\u0142\u0119boki chabrowy kolor<\/strong> przyci\u0105ga spojrzenia i doskonale sprawdza si\u0119 zar\u00f3wno na co dzie\u0144, jak i na wi\u0119ksze wyj\u015bcia.<\/p>\n<ul>\n<li> Polska produkcja<\/li>\n<li> Marka Numoco<\/li>\n<li> Edycja limitowana<\/li>\n<li> Zwiewny, elegancki materia\u0142 z podszewk\u0105<\/li>\n<\/ul>\n<p><strong>Nie czekaj \u2013 postaw na sukienk\u0119 Isabelle i poczuj si\u0119 wyj\u0105tkowo!<\/strong><\/p>\n<\/div>\n<\/div>\n<div class='desc-2'>Isabelle &#8211; chabrowa plisowana sukienka<\/div>\n<div class='desc-3'><\/div>\n<div class='desc-4'><\/div>\n<div class='desc-5'>\n<div class=\"sizes\">\n<div class=\"sizes\">Wymiary mierzone s\u0105 na p\u0142asko &#8211; bez rozci\u0105gania materia\u0142u (+\/- 2 cm)<br \/>Modelka na zdj\u0119ciu ma 171cm wzrostu i ma ubrany rozm. S.<\/p>\n<table style=\"width: 485px;height: 117px\" cellspacing=\"0\" cellpadding=\"0\">\n<tbody>\n<tr>\n<td class=\"namep\" style=\"width: 191.3px\"><strong>Wymiary:<\/strong><\/td>\n<td style=\"width: 43.45px\"><strong>XS<br \/><\/strong><\/td>\n<td style=\"width: 45.35px\"><strong>S<\/strong><\/td>\n<td style=\"width: 52.2px\"><strong>M<\/strong><\/td>\n<td style=\"width: 47.4333px\"><strong>L<\/strong><\/td>\n<td style=\"width: 55.2833px\"><strong>XL<\/strong><\/td>\n<td style=\"width: 43.5833px\"><strong>XXL<\/strong><\/td>\n<\/tr>\n<tr>\n<td class=\"namep\" style=\"width: 191.3px\">Od paszki do paszki (<strong>A<\/strong>)<\/td>\n<td style=\"width: 43.45px\">38<\/td>\n<td style=\"width: 45.35px\">43<\/td>\n<td style=\"width: 52.2px\">45<\/td>\n<td style=\"width: 47.4333px\">47<\/td>\n<td style=\"width: 55.2833px\">51<\/td>\n<td style=\"width: 43.5833px\">53<\/td>\n<\/tr>\n<tr>\n<td class=\"namep\" style=\"width: 191.3px\">Talia (<strong>B<\/strong>)<\/td>\n<td style=\"width: 43.45px\">29<\/td>\n<td style=\"width: 45.35px\">30<\/td>\n<td style=\"width: 52.2px\">31<\/td>\n<td style=\"width: 47.4333px\">34<\/td>\n<td style=\"width: 55.2833px\">36<\/td>\n<td style=\"width: 43.5833px\">40<\/td>\n<\/tr>\n<tr>\n<td class=\"namep\" style=\"width: 191.3px\">Biodra (<strong>C<\/strong>)<\/td>\n<td style=\"width: 43.45px\">66<\/td>\n<td style=\"width: 45.35px\">70<\/td>\n<td style=\"width: 52.2px\">70<\/td>\n<td style=\"width: 47.4333px\">70<\/td>\n<td style=\"width: 55.2833px\">70<\/td>\n<td style=\"width: 43.5833px\">70<\/td>\n<\/tr>\n<tr>\n<td class=\"namep\" style=\"width: 191.3px\">D\u0142. od pachy (<strong>D<\/strong>)<\/td>\n<td style=\"width: 43.45px\">75<\/td>\n<td style=\"width: 45.35px\">75<\/td>\n<td style=\"width: 52.2px\">78<\/td>\n<td style=\"width: 47.4333px\">78<\/td>\n<td style=\"width: 55.2833px\">78<\/td>\n<td style=\"width: 43.5833px\">78<\/td>\n<\/tr>\n<tr>\n<td class=\"namep\" style=\"width: 191.3px\">D\u0142. od ramienia (<strong>E<\/strong>)<\/td>\n<td style=\"width: 43.45px\">98<\/td>\n<td style=\"width: 45.35px\">98<\/td>\n<td style=\"width: 52.2px\">98<\/td>\n<td style=\"width: 47.4333px\">101<\/td>\n<td style=\"width: 55.2833px\">101<\/td>\n<td style=\"width: 43.5833px\">101<\/td>\n<\/tr>\n<\/tbody>\n<\/table>\n<p><img decoding=\"async\" alt=\"\" src=\"https:\/\/foto.numoco.com\/rozmiary\/313-.jpg\" style=\"margin-left: auto;margin-right: auto\"><\/div>\n<\/div>\n<\/div>","protected":false},"excerpt":{"rendered":"<p>Isabelle \u2013 plisowana sukienka z kopertowym dekoltem \u2013 chabrowa Polska produkcja \u2022 Marka Numoco \u2022 Edycja limitowana Elegancka sukienka Isabelle [&hellip;]<\/p>\n","protected":false},"featured_media":13102,"comment_status":"open","ping_status":"closed","template":"","meta":{"site-sidebar-layout":"default","site-content-layout":"","ast-site-content-layout":"default","site-content-style":"default","site-sidebar-style":"default","ast-global-header-display":"","ast-banner-title-visibility":"","ast-main-header-display":"","ast-hfb-above-header-display":"","ast-hfb-below-header-display":"","ast-hfb-mobile-header-display":"","site-post-title":"","ast-breadcrumbs-content":"","ast-featured-img":"","footer-sml-layout":"","ast-disable-related-posts":"","theme-transparent-header-meta":"","adv-header-id-meta":"","stick-header-meta":"","header-above-stick-meta":"","header-main-stick-meta":"","header-below-stick-meta":"","astra-migrate-meta-layouts":"default","ast-page-background-enabled":"default","ast-page-background-meta":{"desktop":{"background-color":"var(--ast-global-color-5)","background-image":"","background-repeat":"repeat","background-position":"center center","background-size":"auto","background-attachment":"scroll","background-type":"","background-media":"","overlay-type":"","overlay-color":"","overlay-opacity":"","overlay-gradient":""},"tablet":{"background-color":"","background-image":"","background-repeat":"repeat","background-position":"center center","background-size":"auto","background-attachment":"scroll","background-type":"","background-media":"","overlay-type":"","overlay-color":"","overlay-opacity":"","overlay-gradient":""},"mobile":{"background-color":"","background-image":"","background-repeat":"repeat","background-position":"center center","background-size":"auto","background-attachment":"scroll","background-type":"","background-media":"","overlay-type":"","overlay-color":"","overlay-opacity":"","overlay-gradient":""}},"ast-content-background-meta":{"desktop":{"background-color":"var(--ast-global-color-4)","background-image":"","background-repeat":"repeat","background-position":"center center","background-size":"auto","background-attachment":"scroll","background-type":"","background-media":"","overlay-type":"","overlay-color":"","overlay-opacity":"","overlay-gradient":""},"tablet":{"background-color":"var(--ast-global-color-4)","background-image":"","background-repeat":"repeat","background-position":"center center","background-size":"auto","background-attachment":"scroll","background-type":"","background-media":"","overlay-type":"","overlay-color":"","overlay-opacity":"","overlay-gradient":""},"mobile":{"background-color":"var(--ast-global-color-4)","background-image":"","background-repeat":"repeat","background-position":"center center","background-size":"auto","background-attachment":"scroll","background-type":"","background-media":"","overlay-type":"","overlay-color":"","overlay-opacity":"","overlay-gradient":""}}},"product_brand":[],"product_cat":[424,151,160,59,155,154,159,153,175,158,174,164,203],"product_tag":[],"class_list":{"0":"post-13112","1":"product","2":"type-product","3":"status-publish","4":"has-post-thumbnail","6":"product_cat-01-08-2025","7":"product_cat-limited-edition","8":"product_cat-numoco","9":"product_cat-sukienki","10":"product_cat-sukienki-do-pracy","11":"product_cat-sukienki-letnie","12":"product_cat-sukienki-midi","13":"product_cat-sukienki-na-chrzciny","14":"product_cat-sukienki-na-karnawal","15":"product_cat-sukienki-na-komunie","16":"product_cat-sukienki-na-sylwestra","17":"product_cat-sukienki-na-wesele","18":"product_cat-sukienki-plisowane","19":"desktop-align-left","20":"tablet-align-left","21":"mobile-align-left","23":"first","24":"instock","25":"shipping-taxable","26":"purchasable","27":"product-type-variable","28":"has-default-attributes"},"_links":{"self":[{"href":"https:\/\/goldendreams.com.pl\/en\/wp-json\/wp\/v2\/product\/13112","targetHints":{"allow":["GET"]}}],"collection":[{"href":"https:\/\/goldendreams.com.pl\/en\/wp-json\/wp\/v2\/product"}],"about":[{"href":"https:\/\/goldendreams.com.pl\/en\/wp-json\/wp\/v2\/types\/product"}],"replies":[{"embeddable":true,"href":"https:\/\/goldendreams.com.pl\/en\/wp-json\/wp\/v2\/comments?post=13112"}],"wp:featuredmedia":[{"embeddable":true,"href":"https:\/\/goldendreams.com.pl\/en\/wp-json\/wp\/v2\/media\/13102"}],"wp:attachment":[{"href":"https:\/\/goldendreams.com.pl\/en\/wp-json\/wp\/v2\/media?parent=13112"}],"wp:term":[{"taxonomy":"product_brand","embeddable":true,"href":"https:\/\/goldendreams.com.pl\/en\/wp-json\/wp\/v2\/product_brand?post=13112"},{"taxonomy":"product_cat","embeddable":true,"href":"https:\/\/goldendreams.com.pl\/en\/wp-json\/wp\/v2\/product_cat?post=13112"},{"taxonomy":"product_tag","embeddable":true,"href":"https:\/\/goldendreams.com.pl\/en\/wp-json\/wp\/v2\/product_tag?post=13112"}],"curies":[{"name":"wp","href":"https:\/\/api.w.org\/{rel}","templated":true}]}}