{"id":12465,"date":"2025-07-22T14:08:37","date_gmt":"2025-07-22T14:08:37","guid":{"rendered":"https:\/\/goldendreams.com.pl\/sklep\/299-19-chiara-elegancka-maxi-dluga-suknia-na-ramiaczkach-fuksja-z-brokatem\/"},"modified":"2026-04-07T08:23:28","modified_gmt":"2026-04-07T08:23:28","slug":"299-19-chiara-elegancka-maxi-dluga-suknia-na-ramiaczkach-fuksja-z-brokatem","status":"publish","type":"product","link":"https:\/\/goldendreams.com.pl\/en\/sklep\/299-19-chiara-elegancka-maxi-dluga-suknia-na-ramiaczkach-fuksja-z-brokatem\/","title":{"rendered":"299-19 CHIARA elegancka maxi d\u0142uga suknia na rami\u0105czkach &#8211; FUKSJA Z BROKATEM"},"content":{"rendered":"<div class='desc-1'>Chiara &#8211; elegancka <strong>maxi d\u0142uga b\u0142yszcz\u0105ca<\/strong> <strong>suknia<\/strong> na rami\u0105czkach. Pi\u0119knie wyprofilowany dekolt i rozci\u0119cie na sp\u00f3dnicy tworzy niecodzienn\u0105 kompozycj\u0119. Uszyta z brokatowego, elastycznego materia\u0142u w kolorze <strong>fuksji<\/strong>. Sukienka idealna na wesela, sylwestra, studni\u00f3wk\u0119, karnawa\u0142 i inne wa\u017cniejsze wyj\u015bcia. Produkcja polska. Marka <strong>Numoco<\/strong>.<\/p>\n<div class=\"film-YT\"><\/div>\n<\/div>\n<div class='desc-2'>D\u0142uga sukienka Chiara &#8211; fuksja z brokatem<\/div>\n<div class='desc-3'><\/div>\n<div class='desc-4'><\/div>\n<div class='desc-5'>\n<div class=\"sizes\">\n<div class=\"sizes\">Wymiary mierzone s\u0105 na p\u0142asko &#8211; bez rozci\u0105gania materia\u0142u (+\/- 2 cm)<br \/>Modelka na zdj\u0119ciu ma 165cm wzrostu i ma ubrany rozm. XS.<\/p>\n<table style=\"height: 121px;width: 485px\" width=\"497\" cellspacing=\"0\" cellpadding=\"0\">\n<tbody>\n<tr>\n<td class=\"namep\" style=\"width: 316.567px\"><strong>Wymiary:<\/strong><\/td>\n<td style=\"width: 34.1667px\"><strong>S<\/strong><\/td>\n<td style=\"width: 37.2px\"><strong>M<\/strong><\/td>\n<td style=\"width: 34.1667px\"><strong>L<\/strong><\/td>\n<td style=\"width: 31.1667px\"><strong>XL<\/strong><\/td>\n<td style=\"width: 26.1333px\"><strong>XXL<br \/><\/strong><\/td>\n<\/tr>\n<tr>\n<td class=\"namep\" style=\"width: 316.567px\">Od paszki do paszki (<strong>A<\/strong>)<\/td>\n<td style=\"width: 34.1667px\">41<\/td>\n<td style=\"width: 37.2px\">43<\/td>\n<td style=\"width: 34.1667px\">45<\/td>\n<td style=\"width: 31.1667px\">47<\/td>\n<td style=\"width: 26.1333px\">50<\/td>\n<\/tr>\n<tr>\n<td class=\"namep\" style=\"width: 316.567px\">Talia (<strong>B<\/strong>)<\/td>\n<td style=\"width: 34.1667px\">33<\/td>\n<td style=\"width: 37.2px\">35<\/td>\n<td style=\"width: 34.1667px\">37<\/td>\n<td style=\"width: 31.1667px\">39<\/td>\n<td style=\"width: 26.1333px\">41<\/td>\n<\/tr>\n<tr>\n<td class=\"namep\" style=\"width: 316.567px\">D\u0142. od pachy (<strong>D<\/strong>)<\/td>\n<td style=\"width: 34.1667px\">125<\/td>\n<td style=\"width: 37.2px\">125<\/td>\n<td style=\"width: 34.1667px\">125<\/td>\n<td style=\"width: 31.1667px\">125<\/td>\n<td style=\"width: 26.1333px\">125<\/td>\n<\/tr>\n<\/tbody>\n<\/table>\n<p><img loading=\"lazy\" decoding=\"async\" alt=\"\" height=\"1105\" src=\"rozmiary\/299-.jpg\" style=\"margin-left: auto;margin-right: auto\" width=\"550\"><\/div>\n<\/div>\n<\/div>","protected":false},"excerpt":{"rendered":"<p>Chiara &#8211; elegancka maxi d\u0142uga b\u0142yszcz\u0105ca suknia na rami\u0105czkach. Pi\u0119knie wyprofilowany dekolt i rozci\u0119cie na sp\u00f3dnicy tworzy niecodzienn\u0105 kompozycj\u0119. Uszyta [&hellip;]<\/p>\n","protected":false},"featured_media":12456,"comment_status":"open","ping_status":"closed","template":"","meta":{"site-sidebar-layout":"default","site-content-layout":"","ast-site-content-layout":"default","site-content-style":"default","site-sidebar-style":"default","ast-global-header-display":"","ast-banner-title-visibility":"","ast-main-header-display":"","ast-hfb-above-header-display":"","ast-hfb-below-header-display":"","ast-hfb-mobile-header-display":"","site-post-title":"","ast-breadcrumbs-content":"","ast-featured-img":"","footer-sml-layout":"","ast-disable-related-posts":"","theme-transparent-header-meta":"","adv-header-id-meta":"","stick-header-meta":"","header-above-stick-meta":"","header-main-stick-meta":"","header-below-stick-meta":"","astra-migrate-meta-layouts":"default","ast-page-background-enabled":"default","ast-page-background-meta":{"desktop":{"background-color":"var(--ast-global-color-5)","background-image":"","background-repeat":"repeat","background-position":"center center","background-size":"auto","background-attachment":"scroll","background-type":"","background-media":"","overlay-type":"","overlay-color":"","overlay-opacity":"","overlay-gradient":""},"tablet":{"background-color":"","background-image":"","background-repeat":"repeat","background-position":"center center","background-size":"auto","background-attachment":"scroll","background-type":"","background-media":"","overlay-type":"","overlay-color":"","overlay-opacity":"","overlay-gradient":""},"mobile":{"background-color":"","background-image":"","background-repeat":"repeat","background-position":"center center","background-size":"auto","background-attachment":"scroll","background-type":"","background-media":"","overlay-type":"","overlay-color":"","overlay-opacity":"","overlay-gradient":""}},"ast-content-background-meta":{"desktop":{"background-color":"var(--ast-global-color-4)","background-image":"","background-repeat":"repeat","background-position":"center center","background-size":"auto","background-attachment":"scroll","background-type":"","background-media":"","overlay-type":"","overlay-color":"","overlay-opacity":"","overlay-gradient":""},"tablet":{"background-color":"var(--ast-global-color-4)","background-image":"","background-repeat":"repeat","background-position":"center center","background-size":"auto","background-attachment":"scroll","background-type":"","background-media":"","overlay-type":"","overlay-color":"","overlay-opacity":"","overlay-gradient":""},"mobile":{"background-color":"var(--ast-global-color-4)","background-image":"","background-repeat":"repeat","background-position":"center center","background-size":"auto","background-attachment":"scroll","background-type":"","background-media":"","overlay-type":"","overlay-color":"","overlay-opacity":"","overlay-gradient":""}}},"product_brand":[],"product_cat":[160,59,264,183,175,172,174,164,171],"product_tag":[],"class_list":{"0":"post-12465","1":"product","2":"type-product","3":"status-publish","4":"has-post-thumbnail","6":"product_cat-numoco","7":"product_cat-sukienki","8":"product_cat-sukienki-brokatowe","9":"product_cat-sukienki-maxi","10":"product_cat-sukienki-na-karnawal","11":"product_cat-sukienki-na-studniowke","12":"product_cat-sukienki-na-sylwestra","13":"product_cat-sukienki-na-wesele","14":"product_cat-sukienki-wieczorowe","15":"desktop-align-left","16":"tablet-align-left","17":"mobile-align-left","19":"first","20":"instock","21":"shipping-taxable","22":"purchasable","23":"product-type-variable","24":"has-default-attributes"},"_links":{"self":[{"href":"https:\/\/goldendreams.com.pl\/en\/wp-json\/wp\/v2\/product\/12465","targetHints":{"allow":["GET"]}}],"collection":[{"href":"https:\/\/goldendreams.com.pl\/en\/wp-json\/wp\/v2\/product"}],"about":[{"href":"https:\/\/goldendreams.com.pl\/en\/wp-json\/wp\/v2\/types\/product"}],"replies":[{"embeddable":true,"href":"https:\/\/goldendreams.com.pl\/en\/wp-json\/wp\/v2\/comments?post=12465"}],"wp:featuredmedia":[{"embeddable":true,"href":"https:\/\/goldendreams.com.pl\/en\/wp-json\/wp\/v2\/media\/12456"}],"wp:attachment":[{"href":"https:\/\/goldendreams.com.pl\/en\/wp-json\/wp\/v2\/media?parent=12465"}],"wp:term":[{"taxonomy":"product_brand","embeddable":true,"href":"https:\/\/goldendreams.com.pl\/en\/wp-json\/wp\/v2\/product_brand?post=12465"},{"taxonomy":"product_cat","embeddable":true,"href":"https:\/\/goldendreams.com.pl\/en\/wp-json\/wp\/v2\/product_cat?post=12465"},{"taxonomy":"product_tag","embeddable":true,"href":"https:\/\/goldendreams.com.pl\/en\/wp-json\/wp\/v2\/product_tag?post=12465"}],"curies":[{"name":"wp","href":"https:\/\/api.w.org\/{rel}","templated":true}]}}