{"id":1234,"date":"2025-07-21T08:00:23","date_gmt":"2025-07-21T08:00:23","guid":{"rendered":"https:\/\/goldendreams.com.pl\/?post_type=product&#038;p=1234"},"modified":"2026-02-21T15:17:12","modified_gmt":"2026-02-21T15:17:12","slug":"1234","status":"publish","type":"product","link":"https:\/\/goldendreams.com.pl\/en\/sklep\/1234\/","title":{"rendered":"Dopasowana sukienka MILA z transparentnym do\u0142em"},"content":{"rendered":"<div class=\"Y3BBE\" data-sfc-cp=\"\" data-hveid=\"CAEIBBAA\" data-complete=\"true\" data-processed=\"true\">Odkryj lekko\u015b\u0107 i kobieco\u015b\u0107 w sukience Mila \u2013 idealnej propozycji na nadchodz\u0105cy sezon! Ta zjawiskowa sukienka midi zachwyca wzorzystym materia\u0142em w odcieniach pudrowego r\u00f3\u017cu, kt\u00f3ry pi\u0119knie uk\u0142ada si\u0119 na sylwetce.<\/div>\n<ul class=\"KsbFXc U6u95\" data-complete=\"true\" data-processed=\"true\">\n<li data-hveid=\"CAEIBRAA\" data-complete=\"true\" data-sae=\"\"><span class=\"T286Pc\" data-sfc-cp=\"\" data-complete=\"true\"><strong class=\"Yjhzub\" data-complete=\"true\">Fason:<\/strong> Dopasowany kr\u00f3j podkre\u015bla atuty figury, a d\u0142ugo\u015b\u0107 midi dodaje elegancji.<\/span><\/li>\n<li data-hveid=\"CAEIBRAB\" data-complete=\"true\" data-sae=\"\"><span class=\"T286Pc\" data-sfc-cp=\"\" data-complete=\"true\"><strong class=\"Yjhzub\" data-complete=\"true\">Detale:<\/strong> G\u0142\u0119boki dekolt w serek z ozdobnym wi\u0105zaniem oraz zmys\u0142owe rozci\u0119cie z przodu przyci\u0105gaj\u0105 wzrok.<\/span><\/li>\n<li data-hveid=\"CAEIBRAC\" data-complete=\"true\" data-sae=\"\"><span class=\"T286Pc\" data-sfc-cp=\"\" data-complete=\"true\"><strong class=\"Yjhzub\" data-complete=\"true\">Transparentno\u015b\u0107:<\/strong> Lekko transparentny d\u00f3\u0142 nadaje ca\u0142o\u015bci subtelnej lekko\u015bci i nowoczesnego charakteru.<\/span><\/li>\n<li data-hveid=\"CAEIBRAD\" data-complete=\"true\" data-sae=\"\"><span class=\"T286Pc\" data-sfc-cp=\"\" data-complete=\"true\"><strong class=\"Yjhzub\" data-complete=\"true\">Uniwersalno\u015b\u0107:<\/strong> Sukienka posiada d\u0142ugi r\u0119kaw, dzi\u0119ki czemu sprawdzi si\u0119 na wiele okazji \u2013 od randki, przez wyj\u015bcie ze znajomymi, po letnie przyj\u0119cie.<\/span><\/li>\n<\/ul>","protected":false},"excerpt":{"rendered":"<div class=\"Y3BBE\" data-sfc-cp=\"\" data-hveid=\"CAEIBBAA\" data-complete=\"true\" data-processed=\"true\">Odkryj lekko\u015b\u0107 i kobieco\u015b\u0107 w sukience Mila \u2013 idealnej propozycji na nadchodz\u0105cy sezon! Ta zjawiskowa sukienka midi zachwyca wzorzystym materia\u0142em w odcieniach pudrowego r\u00f3\u017cu, kt\u00f3ry pi\u0119knie uk\u0142ada si\u0119 na sylwetce.<\/div>\n<ul class=\"KsbFXc U6u95\" data-complete=\"true\" data-processed=\"true\">\n<li data-hveid=\"CAEIBRAA\" data-complete=\"true\" data-sae=\"\"><span class=\"T286Pc\" data-sfc-cp=\"\" data-complete=\"true\"><strong class=\"Yjhzub\" data-complete=\"true\">Fason:<\/strong> Dopasowany kr\u00f3j podkre\u015bla atuty figury, a d\u0142ugo\u015b\u0107 midi dodaje elegancji.<\/span><\/li>\n<li data-hveid=\"CAEIBRAB\" data-complete=\"true\" data-sae=\"\"><span class=\"T286Pc\" data-sfc-cp=\"\" data-complete=\"true\"><strong class=\"Yjhzub\" data-complete=\"true\">Detale:<\/strong> G\u0142\u0119boki dekolt w serek z ozdobnym wi\u0105zaniem oraz zmys\u0142owe rozci\u0119cie z przodu przyci\u0105gaj\u0105 wzrok.<\/span><\/li>\n<li data-hveid=\"CAEIBRAC\" data-complete=\"true\" data-sae=\"\"><span class=\"T286Pc\" data-sfc-cp=\"\" data-complete=\"true\"><strong class=\"Yjhzub\" data-complete=\"true\">Transparentno\u015b\u0107:<\/strong> Lekko transparentny d\u00f3\u0142 nadaje ca\u0142o\u015bci subtelnej lekko\u015bci i nowoczesnego charakteru.<\/span><\/li>\n<li data-hveid=\"CAEIBRAD\" data-complete=\"true\" data-sae=\"\"><span class=\"T286Pc\" data-sfc-cp=\"\" data-complete=\"true\"><strong class=\"Yjhzub\" data-complete=\"true\">Uniwersalno\u015b\u0107:<\/strong> Sukienka posiada d\u0142ugi r\u0119kaw, dzi\u0119ki czemu sprawdzi si\u0119 na wiele okazji \u2013 od randki, przez wyj\u015bcie ze znajomymi, po letnie przyj\u0119cie.<\/span><\/li>\n<\/ul>\n<p><strong>SUGEROWANY ROZMIAR: S\/M<\/strong><\/p>\n<p><strong>WYMIARY<\/strong>:<\/p>\n<p>D\u0141UGO\u015a\u0106 CA\u0141KOWITA | 133 cm<\/p>\n<p>SZEROKO\u015a\u0106 W BIU\u015aCIE | 46 cm<\/p>\n<p>SZEROKO\u015a\u0106 W TALII | 43 cm<\/p>\n<p>SZEROKO\u015a\u0106 W BIODRACH | 53 cm<\/p>","protected":false},"featured_media":1235,"comment_status":"open","ping_status":"closed","template":"","meta":{"site-sidebar-layout":"default","site-content-layout":"","ast-site-content-layout":"default","site-content-style":"default","site-sidebar-style":"default","ast-global-header-display":"","ast-banner-title-visibility":"","ast-main-header-display":"","ast-hfb-above-header-display":"","ast-hfb-below-header-display":"","ast-hfb-mobile-header-display":"","site-post-title":"","ast-breadcrumbs-content":"","ast-featured-img":"","footer-sml-layout":"","ast-disable-related-posts":"","theme-transparent-header-meta":"default","adv-header-id-meta":"","stick-header-meta":"","header-above-stick-meta":"","header-main-stick-meta":"","header-below-stick-meta":"","astra-migrate-meta-layouts":"set","ast-page-background-enabled":"default","ast-page-background-meta":{"desktop":{"background-color":"var(--ast-global-color-5)","background-image":"","background-repeat":"repeat","background-position":"center center","background-size":"auto","background-attachment":"scroll","background-type":"","background-media":"","overlay-type":"","overlay-color":"","overlay-opacity":"","overlay-gradient":""},"tablet":{"background-color":"","background-image":"","background-repeat":"repeat","background-position":"center center","background-size":"auto","background-attachment":"scroll","background-type":"","background-media":"","overlay-type":"","overlay-color":"","overlay-opacity":"","overlay-gradient":""},"mobile":{"background-color":"","background-image":"","background-repeat":"repeat","background-position":"center center","background-size":"auto","background-attachment":"scroll","background-type":"","background-media":"","overlay-type":"","overlay-color":"","overlay-opacity":"","overlay-gradient":""}},"ast-content-background-meta":{"desktop":{"background-color":"var(--ast-global-color-4)","background-image":"","background-repeat":"repeat","background-position":"center center","background-size":"auto","background-attachment":"scroll","background-type":"","background-media":"","overlay-type":"","overlay-color":"","overlay-opacity":"","overlay-gradient":""},"tablet":{"background-color":"var(--ast-global-color-4)","background-image":"","background-repeat":"repeat","background-position":"center center","background-size":"auto","background-attachment":"scroll","background-type":"","background-media":"","overlay-type":"","overlay-color":"","overlay-opacity":"","overlay-gradient":""},"mobile":{"background-color":"var(--ast-global-color-4)","background-image":"","background-repeat":"repeat","background-position":"center center","background-size":"auto","background-attachment":"scroll","background-type":"","background-media":"","overlay-type":"","overlay-color":"","overlay-opacity":"","overlay-gradient":""}}},"product_brand":[],"product_cat":[59,164],"product_tag":[742],"class_list":{"0":"post-1234","1":"product","2":"type-product","3":"status-publish","4":"has-post-thumbnail","6":"product_cat-sukienki","7":"product_cat-sukienki-na-wesele","8":"product_tag-sukienkamidi-sukienkawezory-sukienkapudrowyroz-modadamska-stylizacje-kobiecystyl-butikonline-musthave-letniastylizacja-eleganckasukienka-dekoltwserce","9":"desktop-align-left","10":"tablet-align-left","11":"mobile-align-left","13":"first","14":"instock","15":"sold-individually","16":"shipping-taxable","17":"purchasable","18":"product-type-variable"},"_links":{"self":[{"href":"https:\/\/goldendreams.com.pl\/en\/wp-json\/wp\/v2\/product\/1234","targetHints":{"allow":["GET"]}}],"collection":[{"href":"https:\/\/goldendreams.com.pl\/en\/wp-json\/wp\/v2\/product"}],"about":[{"href":"https:\/\/goldendreams.com.pl\/en\/wp-json\/wp\/v2\/types\/product"}],"replies":[{"embeddable":true,"href":"https:\/\/goldendreams.com.pl\/en\/wp-json\/wp\/v2\/comments?post=1234"}],"wp:featuredmedia":[{"embeddable":true,"href":"https:\/\/goldendreams.com.pl\/en\/wp-json\/wp\/v2\/media\/1235"}],"wp:attachment":[{"href":"https:\/\/goldendreams.com.pl\/en\/wp-json\/wp\/v2\/media?parent=1234"}],"wp:term":[{"taxonomy":"product_brand","embeddable":true,"href":"https:\/\/goldendreams.com.pl\/en\/wp-json\/wp\/v2\/product_brand?post=1234"},{"taxonomy":"product_cat","embeddable":true,"href":"https:\/\/goldendreams.com.pl\/en\/wp-json\/wp\/v2\/product_cat?post=1234"},{"taxonomy":"product_tag","embeddable":true,"href":"https:\/\/goldendreams.com.pl\/en\/wp-json\/wp\/v2\/product_tag?post=1234"}],"curies":[{"name":"wp","href":"https:\/\/api.w.org\/{rel}","templated":true}]}}