{"id":11923,"date":"2025-07-22T13:47:47","date_gmt":"2025-07-22T13:47:47","guid":{"rendered":"https:\/\/goldendreams.com.pl\/sklep\/240-6-roxi-sukienka-z-asymetryczna-spodnica-i-paskiem-blekitna\/"},"modified":"2026-04-19T21:01:23","modified_gmt":"2026-04-19T21:01:23","slug":"240-6-roxi-sukienka-z-asymetryczna-spodnica-i-paskiem-blekitna","status":"publish","type":"product","link":"https:\/\/goldendreams.com.pl\/en\/sklep\/240-6-roxi-sukienka-z-asymetryczna-spodnica-i-paskiem-blekitna\/","title":{"rendered":"240-6 ROXI sukienka z asymetryczn\u0105 sp\u00f3dnic\u0105 i paskiem &#8211; B\u0141\u0118KITNA"},"content":{"rendered":"<div class='desc-1'>\n<h2>Elegancka b\u0142\u0119kitna sukienka z wi\u0105zaniem w talii \u2013 Numoco, produkcja polska<\/h2>\n<p><strong>Stylowa, kobieca i wygodna<\/strong> \u2013 ta b\u0142\u0119kitna sukienka marki <strong>Numoco<\/strong> to must-have w szafie ka\u017cdej kobiety! Uszyta w Polsce z elastycznego, wysokiej jako\u015bci materia\u0142u, pi\u0119knie dopasowuje si\u0119 do sylwetki, podkre\u015blaj\u0105c figur\u0119. Dekolt typu woda, kr\u00f3tkie r\u0119kawy i pasek do wi\u0105zania w talii tworz\u0105 elegancki, a jednocze\u015bnie nowoczesny look.<\/p>\n<h3>Idealna na:<\/h3>\n<ul>\n<li>spotkania biznesowe<\/li>\n<li>przyj\u0119cia rodzinne<\/li>\n<li>eleganckie wyj\u015bcia czy randki<\/li>\n<\/ul>\n<p><strong>Produkt polski<\/strong><br \/><strong>Marka Numoco<\/strong><br \/><strong>Elastyczny materia\u0142 zapewniaj\u0105cy komfort noszenia<\/strong><\/p>\n<p><strong>Nie czekaj! Zam\u00f3w ju\u017c teraz i poczuj si\u0119 wyj\u0105tkowo w ka\u017cdej sytuacji!<\/strong><\/p>\n<div class=\"film-YT\" style=\"text-align: center\"><\/div>\n<\/div>\n<div class='desc-2'>B\u0142\u0119kitna elegancka sukienka Numoco z dekoltem typu woda i wi\u0105zaniem w talii. Uszyta w Polsce z elastycznego materia\u0142u, idealna na spotkania, przyj\u0119cia i eleganckie wyj\u015bcia.<\/div>\n<div class='desc-3'><\/div>\n<div class='desc-4'><\/div>\n<div class='desc-5'>\n<div class=\"sizes\">\n<div class=\"sizes\">Wymiary mierzone s\u0105 na p\u0142asko &#8211; bez rozci\u0105gania materia\u0142u (+\/- 2 cm)<br \/>Modelka na zdj\u0119ciu ma 165 cm wzrostu i ma ubrany rozm. S.<\/p>\n<table style=\"height: 146px\" width=\"490\" cellspacing=\"0\" cellpadding=\"0\">\n<tbody>\n<tr>\n<td class=\"namep\" style=\"width: 264.2px\"><strong>Wymiary:<\/strong><\/td>\n<td style=\"width: 59.2667px\"><strong>S<\/strong><\/td>\n<td style=\"width: 56.25px\"><strong>M<\/strong><\/td>\n<td style=\"width: 53.25px\"><strong>L<\/strong><\/td>\n<td style=\"width: 52.2333px\"><strong>XL<\/strong><\/td>\n<\/tr>\n<tr>\n<td class=\"namep\" style=\"width: 264.2px\">Od paszki do paszki (<strong>A<\/strong>)<\/td>\n<td style=\"width: 59.2667px\">47<\/td>\n<td style=\"width: 56.25px\">49<\/td>\n<td style=\"width: 53.25px\">51<\/td>\n<td style=\"width: 52.2333px\">53<\/td>\n<\/tr>\n<tr>\n<td class=\"namep\" style=\"width: 264.2px\">Pas (<strong>B<\/strong>)<\/td>\n<td style=\"width: 59.2667px\">41<\/td>\n<td style=\"width: 56.25px\">43<\/td>\n<td style=\"width: 53.25px\">45<\/td>\n<td style=\"width: 52.2333px\">47<\/td>\n<\/tr>\n<tr>\n<td class=\"namep\" style=\"width: 264.2px\">Biodra (<strong>C<\/strong>)<\/td>\n<td style=\"width: 59.2667px\">46<\/td>\n<td style=\"width: 56.25px\">48<\/td>\n<td style=\"width: 53.25px\">50<\/td>\n<td style=\"width: 52.2333px\">52<\/td>\n<\/tr>\n<tr>\n<td class=\"namep\" style=\"width: 264.2px\">D\u0142ugo\u015b\u0107 od pachy (<strong>D \/ D&#8217;<\/strong>)<\/td>\n<td style=\"width: 59.2667px\">62\/72<\/td>\n<td style=\"width: 56.25px\">62\/72<\/td>\n<td style=\"width: 53.25px\">62\/72<\/td>\n<td style=\"width: 52.2333px\">64\/73<\/td>\n<\/tr>\n<tr>\n<td class=\"namep\" style=\"width: 264.2px\">D\u0142ugo\u015b\u0107 od ramienia (<strong>E \/ E&#8217;<\/strong>)<\/td>\n<td style=\"width: 59.2667px\">91\/98<\/td>\n<td style=\"width: 56.25px\">91\/98<\/td>\n<td style=\"width: 53.25px\">92\/98<\/td>\n<td style=\"width: 52.2333px\">93\/101<\/td>\n<\/tr>\n<\/tbody>\n<\/table>\n<p><img loading=\"lazy\" decoding=\"async\" alt=\"\" height=\"575\" src=\"https:\/\/i.postimg.cc\/XqxzDQnJ\/240.jpg\" style=\"margin-left: auto;margin-right: auto\" width=\"500\"><\/div>\n<\/div>\n<\/div>","protected":false},"excerpt":{"rendered":"<p>Elegancka b\u0142\u0119kitna sukienka z wi\u0105zaniem w talii \u2013 Numoco, produkcja polska Stylowa, kobieca i wygodna \u2013 ta b\u0142\u0119kitna sukienka marki [&hellip;]<\/p>\n","protected":false},"featured_media":11916,"comment_status":"open","ping_status":"closed","template":"","meta":{"site-sidebar-layout":"default","site-content-layout":"","ast-site-content-layout":"default","site-content-style":"default","site-sidebar-style":"default","ast-global-header-display":"","ast-banner-title-visibility":"","ast-main-header-display":"","ast-hfb-above-header-display":"","ast-hfb-below-header-display":"","ast-hfb-mobile-header-display":"","site-post-title":"","ast-breadcrumbs-content":"","ast-featured-img":"","footer-sml-layout":"","ast-disable-related-posts":"","theme-transparent-header-meta":"","adv-header-id-meta":"","stick-header-meta":"","header-above-stick-meta":"","header-main-stick-meta":"","header-below-stick-meta":"","astra-migrate-meta-layouts":"default","ast-page-background-enabled":"default","ast-page-background-meta":{"desktop":{"background-color":"var(--ast-global-color-5)","background-image":"","background-repeat":"repeat","background-position":"center center","background-size":"auto","background-attachment":"scroll","background-type":"","background-media":"","overlay-type":"","overlay-color":"","overlay-opacity":"","overlay-gradient":""},"tablet":{"background-color":"","background-image":"","background-repeat":"repeat","background-position":"center center","background-size":"auto","background-attachment":"scroll","background-type":"","background-media":"","overlay-type":"","overlay-color":"","overlay-opacity":"","overlay-gradient":""},"mobile":{"background-color":"","background-image":"","background-repeat":"repeat","background-position":"center center","background-size":"auto","background-attachment":"scroll","background-type":"","background-media":"","overlay-type":"","overlay-color":"","overlay-opacity":"","overlay-gradient":""}},"ast-content-background-meta":{"desktop":{"background-color":"var(--ast-global-color-4)","background-image":"","background-repeat":"repeat","background-position":"center center","background-size":"auto","background-attachment":"scroll","background-type":"","background-media":"","overlay-type":"","overlay-color":"","overlay-opacity":"","overlay-gradient":""},"tablet":{"background-color":"var(--ast-global-color-4)","background-image":"","background-repeat":"repeat","background-position":"center center","background-size":"auto","background-attachment":"scroll","background-type":"","background-media":"","overlay-type":"","overlay-color":"","overlay-opacity":"","overlay-gradient":""},"mobile":{"background-color":"var(--ast-global-color-4)","background-image":"","background-repeat":"repeat","background-position":"center center","background-size":"auto","background-attachment":"scroll","background-type":"","background-media":"","overlay-type":"","overlay-color":"","overlay-opacity":"","overlay-gradient":""}}},"product_brand":[],"product_cat":[179,162,160,59,155,154,159,153,152],"product_tag":[],"class_list":{"0":"post-11923","1":"product","2":"type-product","3":"status-publish","4":"has-post-thumbnail","6":"product_cat-27-06-2025","7":"product_cat-blekitne-sukienki","8":"product_cat-numoco","9":"product_cat-sukienki","10":"product_cat-sukienki-do-pracy","11":"product_cat-sukienki-letnie","12":"product_cat-sukienki-midi","13":"product_cat-sukienki-na-chrzciny","14":"product_cat-sukienki-sportowe","15":"desktop-align-left","16":"tablet-align-left","17":"mobile-align-left","19":"first","20":"instock","21":"shipping-taxable","22":"purchasable","23":"product-type-variable","24":"has-default-attributes"},"_links":{"self":[{"href":"https:\/\/goldendreams.com.pl\/en\/wp-json\/wp\/v2\/product\/11923","targetHints":{"allow":["GET"]}}],"collection":[{"href":"https:\/\/goldendreams.com.pl\/en\/wp-json\/wp\/v2\/product"}],"about":[{"href":"https:\/\/goldendreams.com.pl\/en\/wp-json\/wp\/v2\/types\/product"}],"replies":[{"embeddable":true,"href":"https:\/\/goldendreams.com.pl\/en\/wp-json\/wp\/v2\/comments?post=11923"}],"wp:featuredmedia":[{"embeddable":true,"href":"https:\/\/goldendreams.com.pl\/en\/wp-json\/wp\/v2\/media\/11916"}],"wp:attachment":[{"href":"https:\/\/goldendreams.com.pl\/en\/wp-json\/wp\/v2\/media?parent=11923"}],"wp:term":[{"taxonomy":"product_brand","embeddable":true,"href":"https:\/\/goldendreams.com.pl\/en\/wp-json\/wp\/v2\/product_brand?post=11923"},{"taxonomy":"product_cat","embeddable":true,"href":"https:\/\/goldendreams.com.pl\/en\/wp-json\/wp\/v2\/product_cat?post=11923"},{"taxonomy":"product_tag","embeddable":true,"href":"https:\/\/goldendreams.com.pl\/en\/wp-json\/wp\/v2\/product_tag?post=11923"}],"curies":[{"name":"wp","href":"https:\/\/api.w.org\/{rel}","templated":true}]}}