{"id":11774,"date":"2025-07-22T13:46:21","date_gmt":"2025-07-22T13:46:21","guid":{"rendered":"https:\/\/goldendreams.com.pl\/sklep\/140-26-biznesowa-bluzka-z-dlugim-rekawkiem-i-wiazaniem-z-przodu-biala\/"},"modified":"2026-04-19T11:31:29","modified_gmt":"2026-04-19T11:31:29","slug":"140-26-biznesowa-bluzka-z-dlugim-rekawkiem-i-wiazaniem-z-przodu-biala","status":"publish","type":"product","link":"https:\/\/goldendreams.com.pl\/en\/sklep\/140-26-biznesowa-bluzka-z-dlugim-rekawkiem-i-wiazaniem-z-przodu-biala\/","title":{"rendered":"140-26 Biznesowa bluzka z d\u0142ugim r\u0119kawkiem i wi\u0105zaniem z przodu &#8211; BIA\u0141A"},"content":{"rendered":"<div class='desc-1'>\n<p>Biznesowa <strong>bluzka<\/strong> marki <strong>Numoco<\/strong> to po\u0142\u0105czenie klasyki i nowoczesnej elegancji. Wykonana z mi\u0119kkiego, przyjemnego w dotyku materia\u0142u w klasycznym bia\u0142ym kolorze, wyr\u00f3\u017cnia si\u0119 stylowym wi\u0105zaniem w dekolcie, kt\u00f3re nadaje jej kobiecego uroku. D\u0142ugie r\u0119kawy zako\u0144czone subtelnymi mankietami podkre\u015blaj\u0105 formalny charakter bluzki, czyni\u0105c j\u0105 idealnym wyborem do biura, na spotkania biznesowe czy eleganckie wyj\u015bcia. Produkt <strong>polski<\/strong>, co gwarantuje doskona\u0142\u0105 jako\u015b\u0107 wykonania i precyzj\u0119 w ka\u017cdym detalu.<\/p>\n<div class=\"film-YT\"><\/div>\n<\/div>\n<div class='desc-2'>Elegancka bluzka z wi\u0105zaniem &#8211; bia\u0142a<\/div>\n<div class='desc-3'><\/div>\n<div class='desc-4'><\/div>\n<div class='desc-5'>\n<div class=\"sizes\">\n<div class=\"sizes\">Wymiary mierzone s\u0105 na p\u0142asko &#8211; bez rozci\u0105gania materia\u0142u (+\/- 2cm)<\/p>\n<table style=\"height: 112px\" width=\"409\" cellspacing=\"0\" cellpadding=\"0\">\n<tbody>\n<tr style=\"height: 32px\">\n<th class=\"name\" style=\"width: 195.65px;height: 32px\">\n<h3>Wymiary :<\/h3>\n<\/th>\n<th style=\"width: 32.6333px;height: 32px\">XS<\/th>\n<th style=\"width: 36.7px;height: 32px\">S<\/th>\n<th style=\"width: 36.7px;height: 32px\">M<\/th>\n<th style=\"width: 36.7px;height: 32px\">L<\/th>\n<th style=\"width: 33.6333px;height: 32px\">XL<\/th>\n<th style=\"width: 30.5833px;height: 32px\">XXL<\/th>\n<\/tr>\n<tr style=\"height: 16px\">\n<td class=\"name\" style=\"width: 195.65px;height: 16px\">Biust<\/td>\n<td style=\"width: 32.6333px;height: 16px\">44<\/td>\n<td style=\"width: 36.7px;height: 16px\">46<\/td>\n<td style=\"width: 36.7px;height: 16px\">47<\/td>\n<td style=\"width: 36.7px;height: 16px\">50<\/td>\n<td style=\"width: 33.6333px;height: 16px\">52<\/td>\n<td style=\"width: 30.5833px;height: 16px\">55<\/td>\n<\/tr>\n<tr style=\"height: 16px\">\n<td class=\"name\" style=\"width: 195.65px;height: 16px\">Pas<\/td>\n<td style=\"width: 32.6333px;height: 16px\">41<\/td>\n<td style=\"width: 36.7px;height: 16px\">41<\/td>\n<td style=\"width: 36.7px;height: 16px\">43<\/td>\n<td style=\"width: 36.7px;height: 16px\">47<\/td>\n<td style=\"width: 33.6333px;height: 16px\">50<\/td>\n<td style=\"width: 30.5833px;height: 16px\">52<\/td>\n<\/tr>\n<tr style=\"height: 16px\">\n<td class=\"name\" style=\"width: 195.65px;height: 16px\">Biodra<\/td>\n<td style=\"width: 32.6333px;height: 16px\">47<\/td>\n<td style=\"width: 36.7px;height: 16px\">49<\/td>\n<td style=\"width: 36.7px;height: 16px\">49<\/td>\n<td style=\"width: 36.7px;height: 16px\">55<\/td>\n<td style=\"width: 33.6333px;height: 16px\">56<\/td>\n<td style=\"width: 30.5833px;height: 16px\">57<\/td>\n<\/tr>\n<tr style=\"height: 16px\">\n<td class=\"name\" style=\"width: 195.65px;height: 16px\">D\u0142. od paszki<\/td>\n<td style=\"width: 32.6333px;height: 16px\">38<\/td>\n<td style=\"width: 36.7px;height: 16px\">38<\/td>\n<td style=\"width: 36.7px;height: 16px\">41<\/td>\n<td style=\"width: 36.7px;height: 16px\">41<\/td>\n<td style=\"width: 33.6333px;height: 16px\">41<\/td>\n<td style=\"width: 30.5833px;height: 16px\">43<\/td>\n<\/tr>\n<tr style=\"height: 16px\">\n<td style=\"width: 195.65px;height: 16px\" valign=\"top\">D\u0142. od ramienia<\/td>\n<td style=\"width: 32.6333px;height: 16px\" valign=\"top\">58<\/td>\n<td style=\"width: 36.7px;height: 16px\" valign=\"top\">58<\/td>\n<td style=\"width: 36.7px;height: 16px\" valign=\"top\">61<\/td>\n<td style=\"width: 36.7px;height: 16px\" valign=\"top\">61<\/td>\n<td style=\"width: 33.6333px;height: 16px\" valign=\"top\">63<\/td>\n<td style=\"width: 30.5833px;height: 16px\" valign=\"top\">65<\/td>\n<\/tr>\n<\/tbody>\n<\/table>\n<\/div>\n<\/div>\n<\/div>","protected":false},"excerpt":{"rendered":"<p>Biznesowa bluzka marki Numoco to po\u0142\u0105czenie klasyki i nowoczesnej elegancji. Wykonana z mi\u0119kkiego, przyjemnego w dotyku materia\u0142u w klasycznym bia\u0142ym [&hellip;]<\/p>\n","protected":false},"featured_media":11766,"comment_status":"open","ping_status":"closed","template":"","meta":{"site-sidebar-layout":"default","site-content-layout":"","ast-site-content-layout":"default","site-content-style":"default","site-sidebar-style":"default","ast-global-header-display":"","ast-banner-title-visibility":"","ast-main-header-display":"","ast-hfb-above-header-display":"","ast-hfb-below-header-display":"","ast-hfb-mobile-header-display":"","site-post-title":"","ast-breadcrumbs-content":"","ast-featured-img":"","footer-sml-layout":"","ast-disable-related-posts":"","theme-transparent-header-meta":"","adv-header-id-meta":"","stick-header-meta":"","header-above-stick-meta":"","header-main-stick-meta":"","header-below-stick-meta":"","astra-migrate-meta-layouts":"default","ast-page-background-enabled":"default","ast-page-background-meta":{"desktop":{"background-color":"var(--ast-global-color-5)","background-image":"","background-repeat":"repeat","background-position":"center center","background-size":"auto","background-attachment":"scroll","background-type":"","background-media":"","overlay-type":"","overlay-color":"","overlay-opacity":"","overlay-gradient":""},"tablet":{"background-color":"","background-image":"","background-repeat":"repeat","background-position":"center center","background-size":"auto","background-attachment":"scroll","background-type":"","background-media":"","overlay-type":"","overlay-color":"","overlay-opacity":"","overlay-gradient":""},"mobile":{"background-color":"","background-image":"","background-repeat":"repeat","background-position":"center center","background-size":"auto","background-attachment":"scroll","background-type":"","background-media":"","overlay-type":"","overlay-color":"","overlay-opacity":"","overlay-gradient":""}},"ast-content-background-meta":{"desktop":{"background-color":"var(--ast-global-color-4)","background-image":"","background-repeat":"repeat","background-position":"center center","background-size":"auto","background-attachment":"scroll","background-type":"","background-media":"","overlay-type":"","overlay-color":"","overlay-opacity":"","overlay-gradient":""},"tablet":{"background-color":"var(--ast-global-color-4)","background-image":"","background-repeat":"repeat","background-position":"center center","background-size":"auto","background-attachment":"scroll","background-type":"","background-media":"","overlay-type":"","overlay-color":"","overlay-opacity":"","overlay-gradient":""},"mobile":{"background-color":"var(--ast-global-color-4)","background-image":"","background-repeat":"repeat","background-position":"center center","background-size":"auto","background-attachment":"scroll","background-type":"","background-media":"","overlay-type":"","overlay-color":"","overlay-opacity":"","overlay-gradient":""}}},"product_brand":[],"product_cat":[75,160],"product_tag":[],"class_list":{"0":"post-11774","1":"product","2":"type-product","3":"status-publish","4":"has-post-thumbnail","6":"product_cat-bluzki","7":"product_cat-numoco","8":"desktop-align-left","9":"tablet-align-left","10":"mobile-align-left","12":"first","13":"instock","14":"shipping-taxable","15":"purchasable","16":"product-type-variable","17":"has-default-attributes"},"_links":{"self":[{"href":"https:\/\/goldendreams.com.pl\/en\/wp-json\/wp\/v2\/product\/11774","targetHints":{"allow":["GET"]}}],"collection":[{"href":"https:\/\/goldendreams.com.pl\/en\/wp-json\/wp\/v2\/product"}],"about":[{"href":"https:\/\/goldendreams.com.pl\/en\/wp-json\/wp\/v2\/types\/product"}],"replies":[{"embeddable":true,"href":"https:\/\/goldendreams.com.pl\/en\/wp-json\/wp\/v2\/comments?post=11774"}],"wp:featuredmedia":[{"embeddable":true,"href":"https:\/\/goldendreams.com.pl\/en\/wp-json\/wp\/v2\/media\/11766"}],"wp:attachment":[{"href":"https:\/\/goldendreams.com.pl\/en\/wp-json\/wp\/v2\/media?parent=11774"}],"wp:term":[{"taxonomy":"product_brand","embeddable":true,"href":"https:\/\/goldendreams.com.pl\/en\/wp-json\/wp\/v2\/product_brand?post=11774"},{"taxonomy":"product_cat","embeddable":true,"href":"https:\/\/goldendreams.com.pl\/en\/wp-json\/wp\/v2\/product_cat?post=11774"},{"taxonomy":"product_tag","embeddable":true,"href":"https:\/\/goldendreams.com.pl\/en\/wp-json\/wp\/v2\/product_tag?post=11774"}],"curies":[{"name":"wp","href":"https:\/\/api.w.org\/{rel}","templated":true}]}}