{"id":11517,"date":"2025-07-22T13:27:14","date_gmt":"2025-07-22T13:27:14","guid":{"rendered":"https:\/\/goldendreams.com.pl\/sklep\/287-37-sofia-sukienka-motyl-z-wiazaniem-w-pasie-mocha-mousse\/"},"modified":"2026-04-19T16:40:49","modified_gmt":"2026-04-19T16:40:49","slug":"287-37-sofia-sukienka-motyl-z-wiazaniem-w-pasie-mocha-mousse","status":"publish","type":"product","link":"https:\/\/goldendreams.com.pl\/en\/sklep\/287-37-sofia-sukienka-motyl-z-wiazaniem-w-pasie-mocha-mousse\/","title":{"rendered":"287-37 SOFIA Sukienka motyl z wi\u0105zaniem w pasie &#8211; MOCHA MOUSSE"},"content":{"rendered":"<div class='desc-1'>\n<p>Sofia \u2013 <strong>sukienka<\/strong> typu <strong>motyl<\/strong> z wi\u0105zaniem w pasie. Wykonana z wysokiej jako\u015bci, przyjemnego w dotyku materia\u0142u, prezentuje si\u0119 w eleganckim kolorze <strong>mocha mousse<\/strong>. D\u0142ugo\u015b\u0107 przed kolano oraz lekko zwiewny fason podkre\u015blaj\u0105 kobiecy urok, zapewniaj\u0105c jednocze\u015bnie komfort noszenia. Zaprojektowana i uszyta w <strong>Polsce<\/strong>, stanowi idealn\u0105 propozycj\u0119 zar\u00f3wno na co dzie\u0144, jak i na wyj\u0105tkowe okazje. Marka <strong>Numoco<\/strong>.<\/p>\n<div class=\"film-YT\"><\/div>\n<\/div>\n<div class='desc-2'>Polska <strong>sukienka<\/strong> w kolorze <strong>MOCHA MOUSSE<\/strong><\/div>\n<div class='desc-3'><\/div>\n<div class='desc-4'><\/div>\n<div class='desc-5'>\n<div class=\"sizes\">\n<div class=\"sizes\">Wymiary mierzone s\u0105 na p\u0142asko &#8211; bez rozci\u0105gania materia\u0142u (+\/- 2 cm)<br \/>Modelka na zdj\u0119ciu ma 165cm wzrostu i ma ubrany rozm. S\/M.<\/p>\n<table style=\"height: 111px\" width=\"457\" cellspacing=\"0\" cellpadding=\"0\">\n<tbody>\n<tr>\n<td class=\"namep\" style=\"width: 266.583px\"><strong>Wymiary:<\/strong><\/td>\n<td style=\"width: 64.15px\"><strong>S\/M<\/strong><\/td>\n<td style=\"width: 57.1167px\"><strong>L\/XL<\/strong><\/td>\n<td style=\"width: 65.15px\"><strong>2XL\/3XL<\/strong><\/td>\n<\/tr>\n<tr>\n<td class=\"namep\" style=\"width: 266.583px\">Od paszki do paszki (<strong>A<\/strong>)<\/td>\n<td style=\"width: 64.15px\">56<\/td>\n<td style=\"width: 57.1167px\">63<\/td>\n<td style=\"width: 65.15px\">75<\/td>\n<\/tr>\n<tr>\n<td class=\"namep\" style=\"width: 266.583px\">Talia (<strong>B<\/strong>)<\/td>\n<td style=\"width: 64.15px\">56<\/td>\n<td style=\"width: 57.1167px\">63<\/td>\n<td style=\"width: 65.15px\">75<\/td>\n<\/tr>\n<tr>\n<td class=\"namep\" style=\"width: 266.583px\">Biodra (<strong>C<\/strong>)<\/td>\n<td style=\"width: 64.15px\">59<\/td>\n<td style=\"width: 57.1167px\">66<\/td>\n<td style=\"width: 65.15px\">76<\/td>\n<\/tr>\n<tr>\n<td class=\"namep\" style=\"width: 266.583px\">D\u0142. od ramienia (<strong>E<\/strong>)<\/td>\n<td style=\"width: 64.15px\">90<\/td>\n<td style=\"width: 57.1167px\">96<\/td>\n<td style=\"width: 65.15px\">104<\/td>\n<\/tr>\n<\/tbody>\n<\/table>\n<p><img loading=\"lazy\" decoding=\"async\" alt=\"\" height=\"579\" src=\"rozmiary\/287-.jpg\" style=\"margin-left: auto;margin-right: auto\" width=\"500\"><\/div>\n<\/div>\n<\/div>","protected":false},"excerpt":{"rendered":"<p>Sofia \u2013 sukienka typu motyl z wi\u0105zaniem w pasie. Wykonana z wysokiej jako\u015bci, przyjemnego w dotyku materia\u0142u, prezentuje si\u0119 w [&hellip;]<\/p>\n","protected":false},"featured_media":11511,"comment_status":"open","ping_status":"closed","template":"","meta":{"site-sidebar-layout":"default","site-content-layout":"","ast-site-content-layout":"default","site-content-style":"default","site-sidebar-style":"default","ast-global-header-display":"","ast-banner-title-visibility":"","ast-main-header-display":"","ast-hfb-above-header-display":"","ast-hfb-below-header-display":"","ast-hfb-mobile-header-display":"","site-post-title":"","ast-breadcrumbs-content":"","ast-featured-img":"","footer-sml-layout":"","ast-disable-related-posts":"","theme-transparent-header-meta":"","adv-header-id-meta":"","stick-header-meta":"","header-above-stick-meta":"","header-main-stick-meta":"","header-below-stick-meta":"","astra-migrate-meta-layouts":"default","ast-page-background-enabled":"default","ast-page-background-meta":{"desktop":{"background-color":"var(--ast-global-color-5)","background-image":"","background-repeat":"repeat","background-position":"center center","background-size":"auto","background-attachment":"scroll","background-type":"","background-media":"","overlay-type":"","overlay-color":"","overlay-opacity":"","overlay-gradient":""},"tablet":{"background-color":"","background-image":"","background-repeat":"repeat","background-position":"center center","background-size":"auto","background-attachment":"scroll","background-type":"","background-media":"","overlay-type":"","overlay-color":"","overlay-opacity":"","overlay-gradient":""},"mobile":{"background-color":"","background-image":"","background-repeat":"repeat","background-position":"center center","background-size":"auto","background-attachment":"scroll","background-type":"","background-media":"","overlay-type":"","overlay-color":"","overlay-opacity":"","overlay-gradient":""}},"ast-content-background-meta":{"desktop":{"background-color":"var(--ast-global-color-4)","background-image":"","background-repeat":"repeat","background-position":"center center","background-size":"auto","background-attachment":"scroll","background-type":"","background-media":"","overlay-type":"","overlay-color":"","overlay-opacity":"","overlay-gradient":""},"tablet":{"background-color":"var(--ast-global-color-4)","background-image":"","background-repeat":"repeat","background-position":"center center","background-size":"auto","background-attachment":"scroll","background-type":"","background-media":"","overlay-type":"","overlay-color":"","overlay-opacity":"","overlay-gradient":""},"mobile":{"background-color":"var(--ast-global-color-4)","background-image":"","background-repeat":"repeat","background-position":"center center","background-size":"auto","background-attachment":"scroll","background-type":"","background-media":"","overlay-type":"","overlay-color":"","overlay-opacity":"","overlay-gradient":""}}},"product_brand":[],"product_cat":[180,160,59,154,159,153,158,164],"product_tag":[],"class_list":{"0":"post-11517","1":"product","2":"type-product","3":"status-publish","4":"has-post-thumbnail","6":"product_cat-bezowe-sukienki","7":"product_cat-numoco","8":"product_cat-sukienki","9":"product_cat-sukienki-letnie","10":"product_cat-sukienki-midi","11":"product_cat-sukienki-na-chrzciny","12":"product_cat-sukienki-na-komunie","13":"product_cat-sukienki-na-wesele","14":"desktop-align-left","15":"tablet-align-left","16":"mobile-align-left","18":"first","19":"instock","20":"shipping-taxable","21":"purchasable","22":"product-type-variable","23":"has-default-attributes"},"_links":{"self":[{"href":"https:\/\/goldendreams.com.pl\/en\/wp-json\/wp\/v2\/product\/11517","targetHints":{"allow":["GET"]}}],"collection":[{"href":"https:\/\/goldendreams.com.pl\/en\/wp-json\/wp\/v2\/product"}],"about":[{"href":"https:\/\/goldendreams.com.pl\/en\/wp-json\/wp\/v2\/types\/product"}],"replies":[{"embeddable":true,"href":"https:\/\/goldendreams.com.pl\/en\/wp-json\/wp\/v2\/comments?post=11517"}],"wp:featuredmedia":[{"embeddable":true,"href":"https:\/\/goldendreams.com.pl\/en\/wp-json\/wp\/v2\/media\/11511"}],"wp:attachment":[{"href":"https:\/\/goldendreams.com.pl\/en\/wp-json\/wp\/v2\/media?parent=11517"}],"wp:term":[{"taxonomy":"product_brand","embeddable":true,"href":"https:\/\/goldendreams.com.pl\/en\/wp-json\/wp\/v2\/product_brand?post=11517"},{"taxonomy":"product_cat","embeddable":true,"href":"https:\/\/goldendreams.com.pl\/en\/wp-json\/wp\/v2\/product_cat?post=11517"},{"taxonomy":"product_tag","embeddable":true,"href":"https:\/\/goldendreams.com.pl\/en\/wp-json\/wp\/v2\/product_tag?post=11517"}],"curies":[{"name":"wp","href":"https:\/\/api.w.org\/{rel}","templated":true}]}}