{"id":11509,"date":"2025-07-22T13:27:07","date_gmt":"2025-07-22T13:27:07","guid":{"rendered":"https:\/\/goldendreams.com.pl\/sklep\/545-2-dluga-sukienka-z-plisowanym-dekoltem-i-wiazaniem-blekitna\/"},"modified":"2026-04-17T09:43:06","modified_gmt":"2026-04-17T09:43:06","slug":"545-2-dluga-sukienka-z-plisowanym-dekoltem-i-wiazaniem-blekitna","status":"publish","type":"product","link":"https:\/\/goldendreams.com.pl\/en\/sklep\/545-2-dluga-sukienka-z-plisowanym-dekoltem-i-wiazaniem-blekitna\/","title":{"rendered":"545-2 D\u0142uga sukienka z plisowanym dekoltem i wi\u0105zaniem &#8211; B\u0141\u0118KITNA"},"content":{"rendered":"<div class='desc-1'>\n<h2>B\u0142\u0119kitna szyfonowa sukienka maxi z kopertowym dekoltem \u2013 Numoco Basic<\/h2>\n<p>Zachwycaj\u0105ca <strong><a href=\"\/en\/k1147,moda-damska-sukienki-sukienki-maxi.html\/\" target=\"_blank\" rel=\"noopener noreferrer\">b\u0142\u0119kitna sukienka maxi<\/a><\/strong> uszyta z lekkiego, zwiewnego szyfonu to idealny wyb\u00f3r na wyj\u0105tkowe okazje.<\/p>\n<ul>\n<li>\u2728 Kopertowy dekolt pi\u0119knie podkre\u015bla biust<\/li>\n<li>\u2728 Wi\u0105zanie w pasie eksponuje tali\u0119 i dopasowuje sukienk\u0119 do sylwetki<\/li>\n<li>\u2728 Lekko transparentne r\u0119kawy dodaj\u0105 subtelnego uroku<\/li>\n<li>\u2728 Rozkloszowany d\u00f3\u0142 pi\u0119knie prezentuje si\u0119 w ruchu<\/li>\n<\/ul>\n<p>Doskona\u0142a na wesele, komuni\u0119, randk\u0119 czy eleganck\u0105 kolacj\u0119.<\/p>\n<p>\u2728 <strong>Produkt europejski<\/strong><br \/>\u2728 <strong>Marka: Numoco Basic<\/strong><\/p>\n<p><strong>? Postaw na kobieco\u015b\u0107 i lekko\u015b\u0107 \u2013 zam\u00f3w swoj\u0105 b\u0142\u0119kitn\u0105 sukienk\u0119 ju\u017c dzi\u015b i poczuj si\u0119 wyj\u0105tkowo!<\/strong><\/p>\n<div class=\"film-YT\" style=\"text-align: center\"><\/div>\n<\/div>\n<div class='desc-2'>Lekka, zwiewna i kobieca ?<br data-start=\"98\" data-end=\"101\">B\u0142\u0119kitna szyfonowa sukienka maxi Numoco Basic \u2013 idealna na specjalne okazje i lato!<\/div>\n<div class='desc-3'><\/div>\n<div class='desc-4'><\/div>\n<div class='desc-5'>\n<div class=\"sizes\">\n<div class=\"sizes\">Wymiary mierzone s\u0105 na p\u0142asko &#8211; <span style=\"text-decoration: underline\">przed i po rozci\u0105gni\u0119ciu materia\u0142u<\/span> (+\/- 2 cm)<br \/>Modelka na zdj\u0119ciu ma 165 cm wzrostu i ma ubrany rozm. UNI (<strong>S &#8211; 2XL<\/strong>).<\/p>\n<table style=\"width: 499px;height: 140px\" cellspacing=\"0\" cellpadding=\"0\">\n<tbody>\n<tr style=\"height: 14px\">\n<td class=\"namep\" style=\"width: 445.433px;height: 14px\"><strong>Wymiary:<\/strong><\/td>\n<td style=\"width: 51.1667px;height: 14px\"><strong>UNI<br \/><\/strong><\/td>\n<\/tr>\n<tr style=\"height: 14px\">\n<td class=\"namep\" style=\"width: 445.433px;height: 14px\">Od paszki do paszki (<strong>A<\/strong>)<\/td>\n<td style=\"width: 51.1667px;height: 14px\">35 &#8211; 50<\/td>\n<\/tr>\n<tr style=\"height: 14px\">\n<td class=\"namep\" style=\"width: 445.433px;height: 14px\">Talia (<strong>B<\/strong>)<\/td>\n<td style=\"width: 51.1667px;height: 14px\">29 &#8211; 43<\/td>\n<\/tr>\n<tr style=\"height: 13px\">\n<td style=\"width: 445.433px;height: 13px;text-align: left\">Biodra (<strong>C<\/strong>)<\/td>\n<td style=\"width: 51.1667px;height: 13px\">40 &#8211; 59<\/td>\n<\/tr>\n<tr style=\"height: 14px\">\n<td class=\"namep\" style=\"width: 445.433px;height: 14px\">D\u0142. od pachy (<strong>D<\/strong>)<\/td>\n<td style=\"width: 51.1667px;height: 14px\">120<\/td>\n<\/tr>\n<tr style=\"height: 14px\">\n<td class=\"namep\" style=\"width: 445.433px;height: 14px\">D\u0142. od ramienia (<strong>E<\/strong>)<\/td>\n<td style=\"width: 51.1667px;height: 14px\">149<\/td>\n<\/tr>\n<\/tbody>\n<\/table>\n<p><img loading=\"lazy\" decoding=\"async\" alt=\"\" height=\"733\" src=\"https:\/\/i.postimg.cc\/4x6gJBDw\/315.jpg\" style=\"margin-left: auto;margin-right: auto\" width=\"550\"><\/div>\n<\/div>\n<\/div>","protected":false},"excerpt":{"rendered":"<p>B\u0142\u0119kitna szyfonowa sukienka maxi z kopertowym dekoltem \u2013 Numoco Basic Zachwycaj\u0105ca b\u0142\u0119kitna sukienka maxi uszyta z lekkiego, zwiewnego szyfonu to [&hellip;]<\/p>\n","protected":false},"featured_media":11499,"comment_status":"open","ping_status":"closed","template":"","meta":{"site-sidebar-layout":"default","site-content-layout":"","ast-site-content-layout":"default","site-content-style":"default","site-sidebar-style":"default","ast-global-header-display":"","ast-banner-title-visibility":"","ast-main-header-display":"","ast-hfb-above-header-display":"","ast-hfb-below-header-display":"","ast-hfb-mobile-header-display":"","site-post-title":"","ast-breadcrumbs-content":"","ast-featured-img":"","footer-sml-layout":"","ast-disable-related-posts":"","theme-transparent-header-meta":"","adv-header-id-meta":"","stick-header-meta":"","header-above-stick-meta":"","header-main-stick-meta":"","header-below-stick-meta":"","astra-migrate-meta-layouts":"default","ast-page-background-enabled":"default","ast-page-background-meta":{"desktop":{"background-color":"var(--ast-global-color-5)","background-image":"","background-repeat":"repeat","background-position":"center center","background-size":"auto","background-attachment":"scroll","background-type":"","background-media":"","overlay-type":"","overlay-color":"","overlay-opacity":"","overlay-gradient":""},"tablet":{"background-color":"","background-image":"","background-repeat":"repeat","background-position":"center center","background-size":"auto","background-attachment":"scroll","background-type":"","background-media":"","overlay-type":"","overlay-color":"","overlay-opacity":"","overlay-gradient":""},"mobile":{"background-color":"","background-image":"","background-repeat":"repeat","background-position":"center center","background-size":"auto","background-attachment":"scroll","background-type":"","background-media":"","overlay-type":"","overlay-color":"","overlay-opacity":"","overlay-gradient":""}},"ast-content-background-meta":{"desktop":{"background-color":"var(--ast-global-color-4)","background-image":"","background-repeat":"repeat","background-position":"center center","background-size":"auto","background-attachment":"scroll","background-type":"","background-media":"","overlay-type":"","overlay-color":"","overlay-opacity":"","overlay-gradient":""},"tablet":{"background-color":"var(--ast-global-color-4)","background-image":"","background-repeat":"repeat","background-position":"center center","background-size":"auto","background-attachment":"scroll","background-type":"","background-media":"","overlay-type":"","overlay-color":"","overlay-opacity":"","overlay-gradient":""},"mobile":{"background-color":"var(--ast-global-color-4)","background-image":"","background-repeat":"repeat","background-position":"center center","background-size":"auto","background-attachment":"scroll","background-type":"","background-media":"","overlay-type":"","overlay-color":"","overlay-opacity":"","overlay-gradient":""}}},"product_brand":[],"product_cat":[162,311,59,154,183,153,158,164,203],"product_tag":[],"class_list":{"0":"post-11509","1":"product","2":"type-product","3":"status-publish","4":"has-post-thumbnail","6":"product_cat-blekitne-sukienki","7":"product_cat-numoco-basic","8":"product_cat-sukienki","9":"product_cat-sukienki-letnie","10":"product_cat-sukienki-maxi","11":"product_cat-sukienki-na-chrzciny","12":"product_cat-sukienki-na-komunie","13":"product_cat-sukienki-na-wesele","14":"product_cat-sukienki-plisowane","15":"desktop-align-left","16":"tablet-align-left","17":"mobile-align-left","19":"first","20":"instock","21":"shipping-taxable","22":"purchasable","23":"product-type-variable","24":"has-default-attributes"},"_links":{"self":[{"href":"https:\/\/goldendreams.com.pl\/en\/wp-json\/wp\/v2\/product\/11509","targetHints":{"allow":["GET"]}}],"collection":[{"href":"https:\/\/goldendreams.com.pl\/en\/wp-json\/wp\/v2\/product"}],"about":[{"href":"https:\/\/goldendreams.com.pl\/en\/wp-json\/wp\/v2\/types\/product"}],"replies":[{"embeddable":true,"href":"https:\/\/goldendreams.com.pl\/en\/wp-json\/wp\/v2\/comments?post=11509"}],"wp:featuredmedia":[{"embeddable":true,"href":"https:\/\/goldendreams.com.pl\/en\/wp-json\/wp\/v2\/media\/11499"}],"wp:attachment":[{"href":"https:\/\/goldendreams.com.pl\/en\/wp-json\/wp\/v2\/media?parent=11509"}],"wp:term":[{"taxonomy":"product_brand","embeddable":true,"href":"https:\/\/goldendreams.com.pl\/en\/wp-json\/wp\/v2\/product_brand?post=11509"},{"taxonomy":"product_cat","embeddable":true,"href":"https:\/\/goldendreams.com.pl\/en\/wp-json\/wp\/v2\/product_cat?post=11509"},{"taxonomy":"product_tag","embeddable":true,"href":"https:\/\/goldendreams.com.pl\/en\/wp-json\/wp\/v2\/product_tag?post=11509"}],"curies":[{"name":"wp","href":"https:\/\/api.w.org\/{rel}","templated":true}]}}