{"id":11398,"date":"2025-07-22T13:26:02","date_gmt":"2025-07-22T13:26:02","guid":{"rendered":"https:\/\/goldendreams.com.pl\/sklep\/311-17-lila-klasyczna-plisowana-sukienka-z-krotkim-rekawkiem-i-paskiem-kolor-morski\/"},"modified":"2026-04-19T21:01:48","modified_gmt":"2026-04-19T21:01:48","slug":"311-17-lila-klasyczna-plisowana-sukienka-z-krotkim-rekawkiem-i-paskiem-kolor-morski","status":"publish","type":"product","link":"https:\/\/goldendreams.com.pl\/en\/sklep\/311-17-lila-klasyczna-plisowana-sukienka-z-krotkim-rekawkiem-i-paskiem-kolor-morski\/","title":{"rendered":"311-17 LILA Klasyczna plisowana sukienka z kr\u00f3tkim r\u0119kawkiem i paskiem &#8211; kolor MORSKI"},"content":{"rendered":"<div class='desc-1'>\n<p>Lila to elegancka i kobieca <strong>sukienka,<\/strong> kt\u00f3ra zachwyca swoj\u0105 lekko\u015bci\u0105 i klasycznym krojem. Plisowany materia\u0142 pi\u0119knie uk\u0142ada si\u0119 w ruchu, a pasek, kt\u00f3ry mo\u017cna zawi\u0105za\u0107 w kokard\u0119, podkre\u015bla tali\u0119, dodaj\u0105c sylwetce wdzi\u0119ku. Kr\u00f3tki r\u0119kawek i kryty zamek zapewniaj\u0105 wygod\u0119 i doskona\u0142e dopasowanie. Wyj\u0105tkowy <strong>morski<\/strong> kolor przyci\u0105ga spojrzenia i sprawia, \u017ce sukienka jest idealnym wyborem na r\u00f3\u017cne okazje \u2013 od codziennych stylizacji po eleganckie wyj\u015bcia.<\/p>\n<p>Postaw na ponadczasow\u0105 elegancj\u0119 i wybierz sukienk\u0119 Lila! ?\u2728 Produkt <strong>polski.<\/strong> Marka <strong>Numoco.<\/strong><\/p>\n<div class=\"film-YT\"><\/div>\n<\/div>\n<div class='desc-2'>\n<p>Lila \u2013 elegancka plisowana <strong>sukienka<\/strong> z kr\u00f3tkim r\u0119kawkiem, paskiem do wi\u0105zania i krytym zamkiem. Kolor morski. Produkt polski. Marka <strong>Numoco.<\/strong><\/p>\n<\/div>\n<div class='desc-3'><\/div>\n<div class='desc-4'><\/div>\n<div class='desc-5'>\n<div class=\"sizes\">\n<div class=\"sizes\">Wymiary mierzone s\u0105 na p\u0142asko &#8211; bez rozci\u0105gania materia\u0142u (+\/- 2 cm)<br \/>Modelka na zdj\u0119ciu ma 165 cm wzrostu i ma ubrany rozm. XS.<\/p>\n<table style=\"height: 135px\" width=\"492\" cellspacing=\"0\" cellpadding=\"0\">\n<tbody>\n<tr>\n<td class=\"namep\" style=\"width: 241.9px\"><strong>Wymiary:<\/strong><\/td>\n<td style=\"width: 39.3333px\"><strong>XS<\/strong><\/td>\n<td style=\"width: 39.3333px\"><strong>S<\/strong><\/td>\n<td style=\"width: 39.3333px\"><strong>M<\/strong><\/td>\n<td style=\"width: 39.3333px\"><strong>L<\/strong><\/td>\n<td style=\"width: 39.3333px\"><strong>XL<\/strong><\/td>\n<td style=\"width: 47.0333px\"><strong>XXL<\/strong><\/td>\n<\/tr>\n<tr>\n<td class=\"namep\" style=\"width: 241.9px\">Od paszki do paszki (<strong>A<\/strong>)<\/td>\n<td style=\"width: 39.3333px\">42<\/td>\n<td style=\"width: 39.3333px\">44<\/td>\n<td style=\"width: 39.3333px\">46<\/td>\n<td style=\"width: 39.3333px\">48<\/td>\n<td style=\"width: 39.3333px\">52<\/td>\n<td style=\"width: 47.0333px\">56<\/td>\n<\/tr>\n<tr>\n<td class=\"namep\" style=\"width: 241.9px\">Talia (<strong>B<\/strong>)<\/td>\n<td style=\"width: 39.3333px\">33<\/td>\n<td style=\"width: 39.3333px\">35<\/td>\n<td style=\"width: 39.3333px\">37<\/td>\n<td style=\"width: 39.3333px\">40<\/td>\n<td style=\"width: 39.3333px\">42<\/td>\n<td style=\"width: 47.0333px\">46<\/td>\n<\/tr>\n<tr>\n<td class=\"namep\" style=\"width: 241.9px\">Biodra (<strong>C<\/strong>)<\/td>\n<td style=\"width: 39.3333px\">65<\/td>\n<td style=\"width: 39.3333px\">65<\/td>\n<td style=\"width: 39.3333px\">65<\/td>\n<td style=\"width: 39.3333px\">70<\/td>\n<td style=\"width: 39.3333px\">70<\/td>\n<td style=\"width: 47.0333px\">70<\/td>\n<\/tr>\n<tr>\n<td class=\"namep\" style=\"width: 241.9px\">D\u0142. od pachy (<strong>D<\/strong>)<\/td>\n<td style=\"width: 39.3333px\">80<\/td>\n<td style=\"width: 39.3333px\">80<\/td>\n<td style=\"width: 39.3333px\">81<\/td>\n<td style=\"width: 39.3333px\">82<\/td>\n<td style=\"width: 39.3333px\">82<\/td>\n<td style=\"width: 47.0333px\">82<\/td>\n<\/tr>\n<tr>\n<td class=\"namep\" style=\"width: 241.9px\">D\u0142. od ramienia (<strong>E<\/strong>)<\/td>\n<td style=\"width: 39.3333px\">100<\/td>\n<td style=\"width: 39.3333px\">100<\/td>\n<td style=\"width: 39.3333px\">101<\/td>\n<td style=\"width: 39.3333px\">105<\/td>\n<td style=\"width: 39.3333px\">105<\/td>\n<td style=\"width: 47.0333px\">105<\/td>\n<\/tr>\n<\/tbody>\n<\/table>\n<p><img decoding=\"async\" alt=\"\" src=\"rozmiary\/311-.jpg\" style=\"margin-left: auto;margin-right: auto\"><\/div>\n<\/div>\n<\/div>","protected":false},"excerpt":{"rendered":"<p>Lila to elegancka i kobieca sukienka, kt\u00f3ra zachwyca swoj\u0105 lekko\u015bci\u0105 i klasycznym krojem. Plisowany materia\u0142 pi\u0119knie uk\u0142ada si\u0119 w ruchu, [&hellip;]<\/p>\n","protected":false},"featured_media":11392,"comment_status":"open","ping_status":"closed","template":"","meta":{"site-sidebar-layout":"default","site-content-layout":"","ast-site-content-layout":"default","site-content-style":"default","site-sidebar-style":"default","ast-global-header-display":"","ast-banner-title-visibility":"","ast-main-header-display":"","ast-hfb-above-header-display":"","ast-hfb-below-header-display":"","ast-hfb-mobile-header-display":"","site-post-title":"","ast-breadcrumbs-content":"","ast-featured-img":"","footer-sml-layout":"","ast-disable-related-posts":"","theme-transparent-header-meta":"","adv-header-id-meta":"","stick-header-meta":"","header-above-stick-meta":"","header-main-stick-meta":"","header-below-stick-meta":"","astra-migrate-meta-layouts":"default","ast-page-background-enabled":"default","ast-page-background-meta":{"desktop":{"background-color":"var(--ast-global-color-5)","background-image":"","background-repeat":"repeat","background-position":"center center","background-size":"auto","background-attachment":"scroll","background-type":"","background-media":"","overlay-type":"","overlay-color":"","overlay-opacity":"","overlay-gradient":""},"tablet":{"background-color":"","background-image":"","background-repeat":"repeat","background-position":"center center","background-size":"auto","background-attachment":"scroll","background-type":"","background-media":"","overlay-type":"","overlay-color":"","overlay-opacity":"","overlay-gradient":""},"mobile":{"background-color":"","background-image":"","background-repeat":"repeat","background-position":"center center","background-size":"auto","background-attachment":"scroll","background-type":"","background-media":"","overlay-type":"","overlay-color":"","overlay-opacity":"","overlay-gradient":""}},"ast-content-background-meta":{"desktop":{"background-color":"var(--ast-global-color-4)","background-image":"","background-repeat":"repeat","background-position":"center center","background-size":"auto","background-attachment":"scroll","background-type":"","background-media":"","overlay-type":"","overlay-color":"","overlay-opacity":"","overlay-gradient":""},"tablet":{"background-color":"var(--ast-global-color-4)","background-image":"","background-repeat":"repeat","background-position":"center center","background-size":"auto","background-attachment":"scroll","background-type":"","background-media":"","overlay-type":"","overlay-color":"","overlay-opacity":"","overlay-gradient":""},"mobile":{"background-color":"var(--ast-global-color-4)","background-image":"","background-repeat":"repeat","background-position":"center center","background-size":"auto","background-attachment":"scroll","background-type":"","background-media":"","overlay-type":"","overlay-color":"","overlay-opacity":"","overlay-gradient":""}}},"product_brand":[],"product_cat":[160,59,154,159,153,158,164,203],"product_tag":[],"class_list":{"0":"post-11398","1":"product","2":"type-product","3":"status-publish","4":"has-post-thumbnail","6":"product_cat-numoco","7":"product_cat-sukienki","8":"product_cat-sukienki-letnie","9":"product_cat-sukienki-midi","10":"product_cat-sukienki-na-chrzciny","11":"product_cat-sukienki-na-komunie","12":"product_cat-sukienki-na-wesele","13":"product_cat-sukienki-plisowane","14":"desktop-align-left","15":"tablet-align-left","16":"mobile-align-left","18":"first","19":"instock","20":"shipping-taxable","21":"purchasable","22":"product-type-variable","23":"has-default-attributes"},"_links":{"self":[{"href":"https:\/\/goldendreams.com.pl\/en\/wp-json\/wp\/v2\/product\/11398","targetHints":{"allow":["GET"]}}],"collection":[{"href":"https:\/\/goldendreams.com.pl\/en\/wp-json\/wp\/v2\/product"}],"about":[{"href":"https:\/\/goldendreams.com.pl\/en\/wp-json\/wp\/v2\/types\/product"}],"replies":[{"embeddable":true,"href":"https:\/\/goldendreams.com.pl\/en\/wp-json\/wp\/v2\/comments?post=11398"}],"wp:featuredmedia":[{"embeddable":true,"href":"https:\/\/goldendreams.com.pl\/en\/wp-json\/wp\/v2\/media\/11392"}],"wp:attachment":[{"href":"https:\/\/goldendreams.com.pl\/en\/wp-json\/wp\/v2\/media?parent=11398"}],"wp:term":[{"taxonomy":"product_brand","embeddable":true,"href":"https:\/\/goldendreams.com.pl\/en\/wp-json\/wp\/v2\/product_brand?post=11398"},{"taxonomy":"product_cat","embeddable":true,"href":"https:\/\/goldendreams.com.pl\/en\/wp-json\/wp\/v2\/product_cat?post=11398"},{"taxonomy":"product_tag","embeddable":true,"href":"https:\/\/goldendreams.com.pl\/en\/wp-json\/wp\/v2\/product_tag?post=11398"}],"curies":[{"name":"wp","href":"https:\/\/api.w.org\/{rel}","templated":true}]}}