{"id":1092,"date":"2025-06-29T18:16:27","date_gmt":"2025-06-29T18:16:27","guid":{"rendered":"https:\/\/goldendreams.com.pl\/?post_type=product&#038;p=1092"},"modified":"2025-11-28T10:59:28","modified_gmt":"2025-11-28T10:59:28","slug":"bezowa-torebka-damska-typu-worek-z-ozdobna-chusta-transparentna","status":"publish","type":"product","link":"https:\/\/goldendreams.com.pl\/en\/sklep\/bezowa-torebka-damska-typu-worek-z-ozdobna-chusta-transparentna\/","title":{"rendered":"Beige women's handbag with a decorative scarf"},"content":{"rendered":"<p>Be\u017cowa torebka damska\u00a0 z ozdobn\u0105 chust\u0105<\/p>\n<p>Wyj\u0105tkowa damska torebka w kolorze be\u017cowym, wykonana ze sk\u00f3ry ekologicznej i wyko\u0144czona eleganck\u0105 chust\u0105 do wi\u0105zania. Model typu worek to modna alternatywa dla klasycznej shopperki i stylowy dodatek do codziennych oraz letnich stylizacji.<\/p>\n<p>Chusta pozwala dowolnie wi\u0105za\u0107 torebk\u0119 i zmienia\u0107 jej kszta\u0142t \u2013 mo\u017cesz nosi\u0107 j\u0105 w d\u0142oni lub na ramieniu, tworz\u0105c w\u0142asny, unikalny look. Torebka pomie\u015bci wszystkie najpotrzebniejsze rzeczy i doda charakteru ka\u017cdej stylizacji.<\/p>\n<p>&nbsp;<\/p>\n<hr \/>","protected":false},"excerpt":{"rendered":"<p>Wyj\u0105tkowa damska torebka w kolorze be\u017cowym, wykonana ze sk\u00f3ry ekologicznej i wyko\u0144czona eleganck\u0105 chust\u0105 do wi\u0105zania. Model typu worek to modna alternatywa dla klasycznej shopperki i stylowy dodatek do codziennych oraz letnich stylizacji.<\/p>\n<p>Chusta pozwala dowolnie wi\u0105za\u0107 torebk\u0119 i zmienia\u0107 jej kszta\u0142t \u2013 mo\u017cesz nosi\u0107 j\u0105 w d\u0142oni lub na ramieniu, tworz\u0105c w\u0142asny, unikalny look. Torebka pomie\u015bci wszystkie najpotrzebniejsze rzeczy i doda charakteru ka\u017cdej stylizacji.<\/p>\n<p>Cechy produktu:<\/p>\n<ul>\n<li>Kolor: be\u017cowy ( ozdobna chusta w komplecie)<\/li>\n<li>Materia\u0142: wysokiej jako\u015bci sk\u00f3ra ekologiczna<\/li>\n<li>Rodzaj wi\u0105zania: chusta do przewi\u0105zywania<\/li>\n<li>Uchwyty: kr\u00f3tkie r\u0105czki<\/li>\n<li>Pasek: regulowany i odpinany<\/li>\n<li>Zapi\u0119cie: klapa z ozdobnym zapi\u0119ciem<\/li>\n<li>Wymiary:\n<ul>\n<li>Szeroko\u015b\u0107: 32 cm<\/li>\n<li>Wysoko\u015b\u0107: 29 cm<\/li>\n<li>G\u0142\u0119boko\u015b\u0107: 14,5 cm<\/li>\n<\/ul>\n<p>&nbsp;<\/li>\n<\/ul>","protected":false},"featured_media":1094,"comment_status":"open","ping_status":"closed","template":"","meta":{"site-sidebar-layout":"default","site-content-layout":"","ast-site-content-layout":"default","site-content-style":"default","site-sidebar-style":"default","ast-global-header-display":"","ast-banner-title-visibility":"","ast-main-header-display":"","ast-hfb-above-header-display":"","ast-hfb-below-header-display":"","ast-hfb-mobile-header-display":"","site-post-title":"","ast-breadcrumbs-content":"","ast-featured-img":"","footer-sml-layout":"","ast-disable-related-posts":"","theme-transparent-header-meta":"default","adv-header-id-meta":"","stick-header-meta":"","header-above-stick-meta":"","header-main-stick-meta":"","header-below-stick-meta":"","astra-migrate-meta-layouts":"set","ast-page-background-enabled":"default","ast-page-background-meta":{"desktop":{"background-color":"var(--ast-global-color-5)","background-image":"","background-repeat":"repeat","background-position":"center center","background-size":"auto","background-attachment":"scroll","background-type":"","background-media":"","overlay-type":"","overlay-color":"","overlay-opacity":"","overlay-gradient":""},"tablet":{"background-color":"","background-image":"","background-repeat":"repeat","background-position":"center center","background-size":"auto","background-attachment":"scroll","background-type":"","background-media":"","overlay-type":"","overlay-color":"","overlay-opacity":"","overlay-gradient":""},"mobile":{"background-color":"","background-image":"","background-repeat":"repeat","background-position":"center center","background-size":"auto","background-attachment":"scroll","background-type":"","background-media":"","overlay-type":"","overlay-color":"","overlay-opacity":"","overlay-gradient":""}},"ast-content-background-meta":{"desktop":{"background-color":"var(--ast-global-color-4)","background-image":"","background-repeat":"repeat","background-position":"center center","background-size":"auto","background-attachment":"scroll","background-type":"","background-media":"","overlay-type":"","overlay-color":"","overlay-opacity":"","overlay-gradient":""},"tablet":{"background-color":"var(--ast-global-color-4)","background-image":"","background-repeat":"repeat","background-position":"center center","background-size":"auto","background-attachment":"scroll","background-type":"","background-media":"","overlay-type":"","overlay-color":"","overlay-opacity":"","overlay-gradient":""},"mobile":{"background-color":"var(--ast-global-color-4)","background-image":"","background-repeat":"repeat","background-position":"center center","background-size":"auto","background-attachment":"scroll","background-type":"","background-media":"","overlay-type":"","overlay-color":"","overlay-opacity":"","overlay-gradient":""}}},"product_brand":[],"product_cat":[76],"product_tag":[722],"class_list":{"0":"post-1092","1":"product","2":"type-product","3":"status-publish","4":"has-post-thumbnail","6":"product_cat-dodatki","7":"product_tag-torebka-torebkabezowa-kuferek-modastylizacja-fashionstyle-dodatki","8":"desktop-align-left","9":"tablet-align-left","10":"mobile-align-left","12":"first","13":"instock","14":"sold-individually","15":"shipping-taxable","16":"purchasable","17":"product-type-simple"},"_links":{"self":[{"href":"https:\/\/goldendreams.com.pl\/en\/wp-json\/wp\/v2\/product\/1092","targetHints":{"allow":["GET"]}}],"collection":[{"href":"https:\/\/goldendreams.com.pl\/en\/wp-json\/wp\/v2\/product"}],"about":[{"href":"https:\/\/goldendreams.com.pl\/en\/wp-json\/wp\/v2\/types\/product"}],"replies":[{"embeddable":true,"href":"https:\/\/goldendreams.com.pl\/en\/wp-json\/wp\/v2\/comments?post=1092"}],"wp:featuredmedia":[{"embeddable":true,"href":"https:\/\/goldendreams.com.pl\/en\/wp-json\/wp\/v2\/media\/1094"}],"wp:attachment":[{"href":"https:\/\/goldendreams.com.pl\/en\/wp-json\/wp\/v2\/media?parent=1092"}],"wp:term":[{"taxonomy":"product_brand","embeddable":true,"href":"https:\/\/goldendreams.com.pl\/en\/wp-json\/wp\/v2\/product_brand?post=1092"},{"taxonomy":"product_cat","embeddable":true,"href":"https:\/\/goldendreams.com.pl\/en\/wp-json\/wp\/v2\/product_cat?post=1092"},{"taxonomy":"product_tag","embeddable":true,"href":"https:\/\/goldendreams.com.pl\/en\/wp-json\/wp\/v2\/product_tag?post=1092"}],"curies":[{"name":"wp","href":"https:\/\/api.w.org\/{rel}","templated":true}]}}