{"id":10615,"date":"2025-07-22T13:04:53","date_gmt":"2025-07-22T13:04:53","guid":{"rendered":"https:\/\/goldendreams.com.pl\/sklep\/140-23-biznesowa-bluzka-z-dlugim-rekawkiem-i-wiazaniem-z-przodu-bordowa\/"},"modified":"2026-04-17T07:23:38","modified_gmt":"2026-04-17T07:23:38","slug":"140-23-biznesowa-bluzka-z-dlugim-rekawkiem-i-wiazaniem-z-przodu-bordowa","status":"publish","type":"product","link":"https:\/\/goldendreams.com.pl\/en\/sklep\/140-23-biznesowa-bluzka-z-dlugim-rekawkiem-i-wiazaniem-z-przodu-bordowa\/","title":{"rendered":"140-23 Biznesowa bluzka z d\u0142ugim r\u0119kawkiem i wi\u0105zaniem z przodu &#8211; BORDOWA"},"content":{"rendered":"<div class='desc-1'>Biznesowa <strong>bluzka<\/strong> marki <strong>Numoco<\/strong> z d\u0142ugimi r\u0119kawami, wykonana z mi\u0119kkiego, przyjemnego w dotyku materia\u0142u w eleganckim, bordowym kolorze. Uwag\u0119 przyci\u0105ga stylowe wi\u0105zanie w dekolcie, kt\u00f3re dodaje ca\u0142o\u015bci kobiecego i eleganckiego charakteru. Idealna na formalne spotkania, do biura lub na eleganckie wyj\u015bcia. Uszyta w<strong> Polsce<\/strong>, co gwarantuje najwy\u017csz\u0105 jako\u015b\u0107 wykonania i dba\u0142o\u015b\u0107 o ka\u017cdy detal.<\/p>\n<div class=\"film-YT\"><\/div>\n<\/div>\n<div class='desc-2'>Bluzka z wi\u0105zaniem &#8211; bordowa<\/div>\n<div class='desc-3'><\/div>\n<div class='desc-4'><\/div>\n<div class='desc-5'>\n<div class=\"sizes\">\n<div class=\"sizes\">Wymiary mierzone s\u0105 na p\u0142asko &#8211; bez rozci\u0105gania materia\u0142u<\/p>\n<table cellspacing=\"0\" cellpadding=\"0\">\n<tbody>\n<tr>\n<th class=\"name\">\n<h3>Wymiary :<\/h3>\n<\/th>\n<th>XS<\/th>\n<th>S<\/th>\n<th>M<\/th>\n<th>L<\/th>\n<th>XL<\/th>\n<th>XXL<\/th>\n<\/tr>\n<tr>\n<td class=\"name\">Biust<\/td>\n<td>44<\/td>\n<td>46<\/td>\n<td>47<\/td>\n<td>50<\/td>\n<td>52<\/td>\n<td>55<\/td>\n<\/tr>\n<tr>\n<td class=\"name\">Pas<\/td>\n<td>41<\/td>\n<td>41<\/td>\n<td>43<\/td>\n<td>47<\/td>\n<td>50<\/td>\n<td>52<\/td>\n<\/tr>\n<tr>\n<td class=\"name\">Biodra<\/td>\n<td>47<\/td>\n<td>49<\/td>\n<td>49<\/td>\n<td>55<\/td>\n<td>56<\/td>\n<td>57<\/td>\n<\/tr>\n<tr>\n<td class=\"name\">D\u0142. od paszki<\/td>\n<td>38<\/td>\n<td>38<\/td>\n<td>41<\/td>\n<td>41<\/td>\n<td>41<\/td>\n<td>43<\/td>\n<\/tr>\n<tr>\n<td valign=\"top\">D\u0142. od ramienia<\/td>\n<td valign=\"top\">58<\/td>\n<td valign=\"top\">58<\/td>\n<td valign=\"top\">61<\/td>\n<td valign=\"top\">61<\/td>\n<td valign=\"top\">63<\/td>\n<td valign=\"top\">65<\/td>\n<\/tr>\n<\/tbody>\n<\/table>\n<\/div>\n<\/div>\n<\/div>","protected":false},"excerpt":{"rendered":"<p>Biznesowa bluzka marki Numoco z d\u0142ugimi r\u0119kawami, wykonana z mi\u0119kkiego, przyjemnego w dotyku materia\u0142u w eleganckim, bordowym kolorze. Uwag\u0119 przyci\u0105ga [&hellip;]<\/p>\n","protected":false},"featured_media":10608,"comment_status":"open","ping_status":"closed","template":"","meta":{"site-sidebar-layout":"default","site-content-layout":"","ast-site-content-layout":"default","site-content-style":"default","site-sidebar-style":"default","ast-global-header-display":"","ast-banner-title-visibility":"","ast-main-header-display":"","ast-hfb-above-header-display":"","ast-hfb-below-header-display":"","ast-hfb-mobile-header-display":"","site-post-title":"","ast-breadcrumbs-content":"","ast-featured-img":"","footer-sml-layout":"","ast-disable-related-posts":"","theme-transparent-header-meta":"","adv-header-id-meta":"","stick-header-meta":"","header-above-stick-meta":"","header-main-stick-meta":"","header-below-stick-meta":"","astra-migrate-meta-layouts":"default","ast-page-background-enabled":"default","ast-page-background-meta":{"desktop":{"background-color":"var(--ast-global-color-5)","background-image":"","background-repeat":"repeat","background-position":"center center","background-size":"auto","background-attachment":"scroll","background-type":"","background-media":"","overlay-type":"","overlay-color":"","overlay-opacity":"","overlay-gradient":""},"tablet":{"background-color":"","background-image":"","background-repeat":"repeat","background-position":"center center","background-size":"auto","background-attachment":"scroll","background-type":"","background-media":"","overlay-type":"","overlay-color":"","overlay-opacity":"","overlay-gradient":""},"mobile":{"background-color":"","background-image":"","background-repeat":"repeat","background-position":"center center","background-size":"auto","background-attachment":"scroll","background-type":"","background-media":"","overlay-type":"","overlay-color":"","overlay-opacity":"","overlay-gradient":""}},"ast-content-background-meta":{"desktop":{"background-color":"var(--ast-global-color-4)","background-image":"","background-repeat":"repeat","background-position":"center center","background-size":"auto","background-attachment":"scroll","background-type":"","background-media":"","overlay-type":"","overlay-color":"","overlay-opacity":"","overlay-gradient":""},"tablet":{"background-color":"var(--ast-global-color-4)","background-image":"","background-repeat":"repeat","background-position":"center center","background-size":"auto","background-attachment":"scroll","background-type":"","background-media":"","overlay-type":"","overlay-color":"","overlay-opacity":"","overlay-gradient":""},"mobile":{"background-color":"var(--ast-global-color-4)","background-image":"","background-repeat":"repeat","background-position":"center center","background-size":"auto","background-attachment":"scroll","background-type":"","background-media":"","overlay-type":"","overlay-color":"","overlay-opacity":"","overlay-gradient":""}}},"product_brand":[],"product_cat":[75,160],"product_tag":[],"class_list":{"0":"post-10615","1":"product","2":"type-product","3":"status-publish","4":"has-post-thumbnail","6":"product_cat-bluzki","7":"product_cat-numoco","8":"desktop-align-left","9":"tablet-align-left","10":"mobile-align-left","12":"first","13":"instock","14":"shipping-taxable","15":"purchasable","16":"product-type-variable","17":"has-default-attributes"},"_links":{"self":[{"href":"https:\/\/goldendreams.com.pl\/en\/wp-json\/wp\/v2\/product\/10615","targetHints":{"allow":["GET"]}}],"collection":[{"href":"https:\/\/goldendreams.com.pl\/en\/wp-json\/wp\/v2\/product"}],"about":[{"href":"https:\/\/goldendreams.com.pl\/en\/wp-json\/wp\/v2\/types\/product"}],"replies":[{"embeddable":true,"href":"https:\/\/goldendreams.com.pl\/en\/wp-json\/wp\/v2\/comments?post=10615"}],"wp:featuredmedia":[{"embeddable":true,"href":"https:\/\/goldendreams.com.pl\/en\/wp-json\/wp\/v2\/media\/10608"}],"wp:attachment":[{"href":"https:\/\/goldendreams.com.pl\/en\/wp-json\/wp\/v2\/media?parent=10615"}],"wp:term":[{"taxonomy":"product_brand","embeddable":true,"href":"https:\/\/goldendreams.com.pl\/en\/wp-json\/wp\/v2\/product_brand?post=10615"},{"taxonomy":"product_cat","embeddable":true,"href":"https:\/\/goldendreams.com.pl\/en\/wp-json\/wp\/v2\/product_cat?post=10615"},{"taxonomy":"product_tag","embeddable":true,"href":"https:\/\/goldendreams.com.pl\/en\/wp-json\/wp\/v2\/product_tag?post=10615"}],"curies":[{"name":"wp","href":"https:\/\/api.w.org\/{rel}","templated":true}]}}